{"id":4029,"date":"2024-04-22T10:35:23","date_gmt":"2024-04-22T08:35:23","guid":{"rendered":"http:\/\/zgkim.kadzidlo.pl\/?page_id=4029"},"modified":"2024-10-29T10:18:38","modified_gmt":"2024-10-29T09:18:38","slug":"scieki","status":"publish","type":"page","link":"http:\/\/zgkim.kadzidlo.pl\/index.php\/scieki\/","title":{"rendered":"\u015acieki"},"content":{"rendered":"<p>[vc_section full_width=&#8221;stretch_row&#8221; pix_over_visibility=&#8221;&#8221; bottom_divider_select=&#8221;8&#8243; b_has_animation=&#8221;true&#8221; b_2_color=&#8221;rgba(255,255,255,0.01)&#8221; b_3_is_gradient=&#8221;true&#8221; b_3_color=&#8221;rgba(0,0,0,0.08)&#8221; b_3_color_2=&#8221;rgba(255,255,255,0.01)&#8221; b_3_animation=&#8221;fade-in-up&#8221; t_flip_h=&#8221;true&#8221; pix_overlay_color=&#8221;gray-1&#8243; responsive_css=&#8221;{&#8222;pix_res_sm_pt&#8222;:&#8222;20&#8222;,&#8222;pix_res_sm_pb&#8222;:&#8222;20&#8222;,&#8222;pix_res_md_pt&#8222;:&#8222;40&#8222;,&#8222;pix_res_md_pb&#8222;:&#8222;40&#8222;}&#8221; css=&#8221;.vc_custom_1613527895798{padding-top: 60px !important;padding-bottom: 60px !important;}&#8221; t_custom_height=&#8221;200px&#8221; b_custom_height=&#8221;300px&#8221; pix_overlay_opacity=&#8221;1&#8243; b_3_delay=&#8221;300&#8243;][vc_row content_placement=&#8221;middle&#8221; pix_particles_check=&#8221;&#8221; responsive_css=&#8221;{&#8222;pix_res_sm_pt&#8222;:&#8222;40&#8222;,&#8222;pix_res_sm_pb&#8222;:&#8222;40&#8222;,&#8222;pix_res_md_pt&#8222;:&#8222;40&#8222;,&#8222;pix_res_md_pb&#8222;:&#8222;40&#8222;}&#8221;][vc_column content_align=&#8221;text-center&#8221; css=&#8221;.vc_custom_1713775856222{padding-top: 20px !important;padding-bottom: 20px !important;}&#8221; offset=&#8221;vc_col-lg-offset-1 vc_col-lg-12 vc_col-md-offset-12 vc_col-md-12&#8243;]<div id=\"highlighted-text-140517825\" class=\"text-center  vc_custom_1713775251165\"><h2 class=\"text-heading-default\"  data-anim-type=\"\" data-anim-delay=\"0\"><span class=\"pix-highlighted-text  font-weight-normal  font-weight-bold heading-font highlighted-text-140517825-0 animate-in\" data-anim-type=\"highlight-grow\" data-anim-delay=\"200\">\u015acieki<\/span><\/h2><\/div><div class=\"pix-el-text slide-in-container2 w-100   vc_custom_1713775365375\" ><p class=\"text-20  text-dark-opacity-5  \" >Oferujemy us\u0142ugi w zakresie wywozu nieczysto\u015bci p\u0142ynnych ze zbiornik\u00f3w bezodp\u0142ywowych i przydomowych oczyszczalni (szamb i osadnik\u00f3w) z terenu Gminy Kadzid\u0142o.<br \/>\nOferta jest skierowana do mieszka\u0144c\u00f3w, kt\u00f3rzy nie maj\u0105 mo\u017cliwo\u015bci pod\u0142\u0105czenia si\u0119 do sieci kanalizacyjnej.<\/p><\/div><div class=\"pix-content-box card      vc_custom_1713775546501    rounded-lg shadow shadow-hover fly-sm bg- text-left  w-100  \"   ><div class=\"\" style=\"z-index:30;position:relative;\"><div id=\"duo-icon-47793024\" class=\"slide-in-container w-100  \" ><div class=\"py-2 \"  ><div class=\"pix-feature-list  justify-content-start      py-2 d-flex align-items-center\" ><div class=\"pix-mr-10 text-primary\" style=\"width:1.5em;min-width:1.5em;height:1.5em;min-width:1.5em;position:relative;line-height:1em;text-align:center;\"><svg width=\"100%\" height=\"100%\" viewBox=\"0 0 24 24\" version=\"1.1\" xmlns=\"http:\/\/www.w3.org\/2000\/svg\" xmlns:xlink=\"http:\/\/www.w3.org\/1999\/xlink\"> <defs><\/defs> <g stroke=\"none\" stroke-width=\"1\" fill=\"none\" fill-rule=\"evenodd\"> <circle fill=\"#000000\" cx=\"12\" cy=\"12\" r=\"8\"><\/circle> <\/g> <\/svg><\/div><span class=\"text-body-default\">Nieczysto\u015bci p\u0142ynne odbieramy specjalistycznymi pojazdami asenizacyjnymi o pojemno\u015bci zbiornika  5m\u00b3 i 9 m\u00b3. <\/span><\/div><div class=\"pix-feature-list  justify-content-start      py-2 d-flex align-items-center\" ><div class=\"pix-mr-10 text-primary\" style=\"width:1.5em;min-width:1.5em;height:1.5em;min-width:1.5em;position:relative;line-height:1em;text-align:center;\"><svg width=\"100%\" height=\"100%\" viewBox=\"0 0 24 24\" version=\"1.1\" xmlns=\"http:\/\/www.w3.org\/2000\/svg\" xmlns:xlink=\"http:\/\/www.w3.org\/1999\/xlink\"> <defs><\/defs> <g stroke=\"none\" stroke-width=\"1\" fill=\"none\" fill-rule=\"evenodd\"> <circle fill=\"#000000\" cx=\"12\" cy=\"12\" r=\"8\"><\/circle> <\/g> <\/svg><\/div><span class=\"text-body-default\">Chc\u0105c skorzysta\u0107 z naszych us\u0142ug nale\u017cy podpisa\u0107 z nami stosown\u0105 umow\u0119.<\/span><\/div><div class=\"pix-feature-list  justify-content-start      py-2 d-flex align-items-center\" ><div class=\"pix-mr-10 text-primary\" style=\"width:1.5em;min-width:1.5em;height:1.5em;min-width:1.5em;position:relative;line-height:1em;text-align:center;\"><svg width=\"100%\" height=\"100%\" viewBox=\"0 0 24 24\" version=\"1.1\" xmlns=\"http:\/\/www.w3.org\/2000\/svg\" xmlns:xlink=\"http:\/\/www.w3.org\/1999\/xlink\"> <defs><\/defs> <g stroke=\"none\" stroke-width=\"1\" fill=\"none\" fill-rule=\"evenodd\"> <circle fill=\"#000000\" cx=\"12\" cy=\"12\" r=\"8\"><\/circle> <\/g> <\/svg><\/div><span class=\"text-body-default\">Wyw\u00f3z odbywa si\u0119 w dni powszednie od poniedzia\u0142ku do pi\u0105tku w godzinach 7.00 - 15.00.<\/span><\/div><\/div><\/div><\/div><\/div><div class=\"pix-el-text slide-in-container2 w-100   vc_custom_1730193519069\" ><p class=\"  text-body-default  \" >Zg\u0142oszenia mo\u017cna sk\u0142ada\u0107 osobi\u015bcie w biurze ZGKiM oraz drog\u0105 telefoniczn\u0105 pod numerami<\/p><\/div><a  href=\"tel:608363388\" class=\"btn mb-2     shadow-sm text-heading-default btn-white d-inline-block pix-hover-item       btn-lg\"     ><i class=\"font-weight-bold pixicon-phone  pix-hover-left  mr-1\"><\/i> <span class=\"font-weight-bold \" >608 363 388<\/span><\/a><a  href=\"tel:506563358\" class=\"btn mb-2     shadow-sm text-heading-default btn-white d-inline-block pix-hover-item       btn-lg\"     ><i class=\"font-weight-bold pixicon-phone  pix-hover-left  mr-1\"><\/i> <span class=\"font-weight-bold \" >506 563 358<\/span><\/a><div class=\"pix-el-text slide-in-container2 w-100   vc_custom_1713775626977\" ><p class=\"  text-body-default  \" >Faktury przekazujemy w wersji papierowej lub elektronicznej w zale\u017cno\u015bci od preferencji.<\/p><\/div><div class=\"pix-el-text slide-in-container2 w-100   vc_custom_1713775633700\" ><p class=\"text-xs  text-body-default  \" >*W przypadku elektronicznej wersji konieczne jest z\u0142o\u017cenie o\u015bwiadczenia o akceptacji faktur przesy\u0142anych drog\u0105 elektroniczn\u0105 (do pobrania w zak\u0142adce Druki i umowy)<\/p><\/div><a  href=\"http:\/\/zgkim.kadzidlo.pl\/index.php\/services\/\" class=\"btn mb-2     shadow-sm btn-secondary d-inline-block pix-hover-item       btn-lg\"     ><i class=\"font-weight-bold pixicon-bars-menu  pix-hover-left  mr-1\"><\/i> <span class=\"font-weight-bold \" >Cennik znajduje si\u0119 w zak\u0142adce Strefa Klienta.<\/span><\/a><div class=\"pix-el-text slide-in-container2 w-100  \" ><p class=\"  text-white  \" >.<\/p><\/div><div class=\"pix-content-box card      vc_custom_1713775982247    rounded-lg shadow shadow-hover fly pix-hover-item pix-dark-hover bg- text-center  w-100  \"   ><div class=\"pix-hover-gradient-primary w-100 h-100 position-absolute d-inline-block\" style=\"z-index:0;top:0;left:0;\"><\/div><div class=\"\" style=\"z-index:30;position:relative;\"><div id=\"1713775883361-e4b3ce75-18af\" class=\"pix-feature-el text-center \"><div class=\"d-inline-block \"   style=\"position:relative;text-align:center;\"><i style=\"display:inline-block;font-size:60px;line-height:60px;\" class=\"text-primary align-middle pixicon-info-circle\"><\/i><\/div><h5 class=\"font-weight-bold   text-heading-default \" style=\"padding-top:20px;\"  >PRZYPOMINAMY!<\/h5><div class=\"text-body-default      \" style=\"padding-top:20px;\"  >Ka\u017cdy mieszkaniec Gminy Kadzid\u0142o, kt\u00f3ry nie jest pod\u0142\u0105czony do kanalizacji, jest zobowi\u0105zany do przynajmniej jednego udokumentowanego wywozu nieczysto\u015bci w ci\u0105gu roku kalendarzowego.<\/div><\/div><div class=\"pix-el-text slide-in-container2 w-100  \" ><p class=\"  text-body-default  \" ><\/p><\/div><\/div><\/div>[\/vc_column][\/vc_row][\/vc_section]<\/p>\n","protected":false},"excerpt":{"rendered":"[vc_section full_width=&#8221;stretch_row&#8221; pix_over_visibility=&#8221;&#8221; bottom_divider_select=&#8221;8&#8243; b_has_animation=&#8221;true&#8221; b_2_color=&#8221;rgba(255,255,255,0.01)&#8221; b_3_is_gradient=&#8221;true&#8221; b_3_color=&#8221;rgba(0,0,0,0.08)&#8221; b_3_color_2=&#8221;rgba(255,255,255,0.01)&#8221; b_3_animation=&#8221;fade-in-up&#8221; t_flip_h=&#8221;true&#8221; pix_overlay_color=&#8221;gray-1&#8243; responsive_css=&#8221;{&#8222;pix_res_sm_pt&#8222;:&#8222;20&#8222;,&#8222;pix_res_sm_pb&#8222;:&#8222;20&#8222;,&#8222;pix_res_md_pt&#8222;:&#8222;40&#8222;,&#8222;pix_res_md_pb&#8222;:&#8222;40&#8222;}&#8221; css=&#8221;.vc_custom_1613527895798{padding-top: 60px !important;padding-bottom: 60px !important;}&#8221; t_custom_height=&#8221;200px&#8221; b_custom_height=&#8221;300px&#8221; pix_overlay_opacity=&#8221;1&#8243; b_3_delay=&#8221;300&#8243;][vc_row content_placement=&#8221;middle&#8221; pix_particles_check=&#8221;&#8221; responsive_css=&#8221;{&#8222;pix_res_sm_pt&#8222;:&#8222;40&#8222;,&#8222;pix_res_sm_pb&#8222;:&#8222;40&#8222;,&#8222;pix_res_md_pt&#8222;:&#8222;40&#8222;,&#8222;pix_res_md_pb&#8222;:&#8222;40&#8222;}&#8221;][vc_column content_align=&#8221;text-center&#8221; css=&#8221;.vc_custom_1713775856222{padding-top: 20px !important;padding-bottom: 20px !important;}&#8221; offset=&#8221;vc_col-lg-offset-1 vc_col-lg-12 vc_col-md-offset-12 vc_col-md-12&#8243;][\/vc_column][\/vc_row][\/vc_section]","protected":false},"author":1,"featured_media":0,"parent":0,"menu_order":0,"comment_status":"closed","ping_status":"closed","template":"","meta":{"footnotes":""},"class_list":["post-4029","page","type-page","status-publish","hentry"],"_links":{"self":[{"href":"http:\/\/zgkim.kadzidlo.pl\/index.php\/wp-json\/wp\/v2\/pages\/4029","targetHints":{"allow":["GET"]}}],"collection":[{"href":"http:\/\/zgkim.kadzidlo.pl\/index.php\/wp-json\/wp\/v2\/pages"}],"about":[{"href":"http:\/\/zgkim.kadzidlo.pl\/index.php\/wp-json\/wp\/v2\/types\/page"}],"author":[{"embeddable":true,"href":"http:\/\/zgkim.kadzidlo.pl\/index.php\/wp-json\/wp\/v2\/users\/1"}],"replies":[{"embeddable":true,"href":"http:\/\/zgkim.kadzidlo.pl\/index.php\/wp-json\/wp\/v2\/comments?post=4029"}],"version-history":[{"count":9,"href":"http:\/\/zgkim.kadzidlo.pl\/index.php\/wp-json\/wp\/v2\/pages\/4029\/revisions"}],"predecessor-version":[{"id":4107,"href":"http:\/\/zgkim.kadzidlo.pl\/index.php\/wp-json\/wp\/v2\/pages\/4029\/revisions\/4107"}],"wp:attachment":[{"href":"http:\/\/zgkim.kadzidlo.pl\/index.php\/wp-json\/wp\/v2\/media?parent=4029"}],"curies":[{"name":"wp","href":"https:\/\/api.w.org\/{rel}","templated":true}]}}