{"id":591,"date":"2021-02-17T00:11:36","date_gmt":"2021-02-17T00:11:36","guid":{"rendered":"https:\/\/megapack.pixfort.com\/company\/?page_id=591"},"modified":"2025-05-30T16:55:14","modified_gmt":"2025-05-30T14:55:14","slug":"services","status":"publish","type":"page","link":"http:\/\/zgkim.kadzidlo.pl\/index.php\/services\/","title":{"rendered":"Us\u0142ugi"},"content":{"rendered":"<p>[vc_section full_width=&#8221;stretch_row&#8221; pix_over_visibility=&#8221;&#8221; bottom_divider_select=&#8221;8&#8243; b_has_animation=&#8221;true&#8221; b_2_color=&#8221;rgba(255,255,255,0.01)&#8221; b_3_is_gradient=&#8221;true&#8221; b_3_color=&#8221;rgba(0,0,0,0.08)&#8221; b_3_color_2=&#8221;rgba(255,255,255,0.01)&#8221; b_3_animation=&#8221;fade-in-up&#8221; t_flip_h=&#8221;true&#8221; pix_overlay_color=&#8221;gradient-primary-light&#8221; responsive_css=&#8221;{&#8222;pix_res_sm_pt&#8222;:&#8222;20&#8222;,&#8222;pix_res_sm_pb&#8222;:&#8222;20&#8222;,&#8222;pix_res_md_pt&#8222;:&#8222;40&#8222;,&#8222;pix_res_md_pb&#8222;:&#8222;40&#8222;}&#8221; css=&#8221;.vc_custom_1639485544607{padding-top: 110px !important;padding-bottom: 110px !important;}&#8221; t_custom_height=&#8221;200px&#8221; b_custom_height=&#8221;300px&#8221; pix_overlay_opacity=&#8221;1&#8243; b_3_delay=&#8221;300&#8243;][vc_row full_width=&#8221;stretch_row&#8221; content_placement=&#8221;middle&#8221; pix_particles_check=&#8221;&#8221; responsive_css=&#8221;{&#8222;pix_res_sm_pt&#8222;:&#8222;40&#8222;,&#8222;pix_res_sm_pb&#8222;:&#8222;40&#8222;,&#8222;pix_res_md_pt&#8222;:&#8222;40&#8222;,&#8222;pix_res_md_pb&#8222;:&#8222;40&#8222;}&#8221;][vc_column width=&#8221;1\/2&#8243; css=&#8221;.vc_custom_1604715604745{padding-top: 20px !important;padding-bottom: 20px !important;}&#8221;]<div id=\"highlighted-text-127365749\" class=\"text-left  vc_custom_1639483300103\"><h2 class=\"text-heading-default\"  data-anim-type=\"\" data-anim-delay=\"0\"><span class=\"font-weight-normal  heading-font\">\u015awiadczymy us\u0142ugi <\/span><span class=\"pix-highlighted-text  font-weight-normal  font-weight-bold heading-font highlighted-text-127365749-1 animate-in\" data-anim-type=\"highlight-grow\" data-anim-delay=\"200\">na najwy\u017cszym poziomie.<\/span><\/h2><\/div>[\/vc_column][vc_column width=&#8221;1\/2&#8243; content_align=&#8221;text-center&#8221;]<div class=\"d-inline-block \" ><div class=\"pix-img-el    shadow-lg shadow-hover-lg scale-sm text-center d-inline-block   rounded-10\"  data-jarallax-element=\"50 \"><img loading=\"lazy\" decoding=\"async\" class=\"card-img2 pix-img-elem rounded-10  h-1002\" style=\"width:400px;height:auto;\" width=\"1000\" height=\"1000\" srcset=\"http:\/\/zgkim.kadzidlo.pl\/wp-content\/uploads\/2021\/12\/hand-supporting-recycle-idea-design-element.jpg 1000w, http:\/\/zgkim.kadzidlo.pl\/wp-content\/uploads\/2021\/12\/hand-supporting-recycle-idea-design-element-300x300.jpg 300w, http:\/\/zgkim.kadzidlo.pl\/wp-content\/uploads\/2021\/12\/hand-supporting-recycle-idea-design-element-150x150.jpg 150w, http:\/\/zgkim.kadzidlo.pl\/wp-content\/uploads\/2021\/12\/hand-supporting-recycle-idea-design-element-768x768.jpg 768w, http:\/\/zgkim.kadzidlo.pl\/wp-content\/uploads\/2021\/12\/hand-supporting-recycle-idea-design-element-400x400.jpg 400w, http:\/\/zgkim.kadzidlo.pl\/wp-content\/uploads\/2021\/12\/hand-supporting-recycle-idea-design-element-75x75.jpg 75w, http:\/\/zgkim.kadzidlo.pl\/wp-content\/uploads\/2021\/12\/hand-supporting-recycle-idea-design-element-460x460.jpg 460w\" sizes=\"auto, (max-width: 1000px) 100vw, 1000px\" src=\"http:\/\/zgkim.kadzidlo.pl\/wp-content\/uploads\/2021\/12\/hand-supporting-recycle-idea-design-element.jpg\" alt=\"\" \/><\/div><\/div>[\/vc_column][\/vc_row][\/vc_section][vc_section full_width=&#8221;stretch_row&#8221; pix_over_visibility=&#8221;&#8221; responsive_css=&#8221;{&#8222;pix_res_sm_pb&#8222;:&#8222;20&#8222;,&#8222;pix_res_md_pb&#8222;:&#8222;20&#8222;}&#8221; css=&#8221;.vc_custom_1614130072438{padding-top: 20px !important;padding-bottom: 60px !important;background-color: #ffffff !important;border-radius: 10px !important;}&#8221; el_id=&#8221;pix_section_services&#8221;][vc_row pix_particles_check=&#8221;&#8221; responsive_css=&#8221;{&#8222;pix_res_sm_pb&#8222;:&#8222;40&#8222;,&#8222;pix_res_md_pb&#8222;:&#8222;40&#8222;}&#8221; css=&#8221;.vc_custom_1613524951106{padding-bottom: 80px !important;}&#8221;][vc_column]<div class=\"text-center \"><div><h5 class=\"pix-headline my-3  loading-bar text-heading-default font-weight-bold  \" style=\"\"><span>Cennik us\u0142ug w <\/span><span class=\"pix-words-wrapper\"><span class=\"is-visible \" >Zak\u0142adzie Gospodarki Komunalnej i Mieszkaniowej Sp. z o.o. <\/span> <span class=\"pix-bar bg-heading-default\" ><\/span><\/span><span>w Kadzidle obowi\u0105zuj\u0105cy od 29 maja 2025 r.<\/span><\/h5><\/div><\/div><a  href=\"http:\/\/zgkim.kadzidlo.pl\/wp-content\/uploads\/2025\/05\/zgkim_cennik_2025-05-29.pdf\" class=\"btn mb-2     btn-primary d-block w-100       btn-md\" target=\"_blank\" rel=\"noopener\"    ><span class=\"font-weight-bold \" >Pobierz CENNIK w pdf<\/span><\/a>[\/vc_column][\/vc_row][vc_row pix_particles_check=&#8221;&#8221;][vc_column]<div class=\"pix-lightbox\"><div class=\"pix_masonry  pix-3-columns\" style=\"width:100%\"><div class=\"grid-sizer\"><\/div><div class=\"gutter-sizer\"><\/div><div class=\" grid-item pix-mb-20 \"><a class=\"card pix-lightbox-item pix-hover-item  shadow shadow-hover-sm fly rounded-lg\" data-fancybox=\"gallery\" data-caption=\"\" href=\"http:\/\/zgkim.kadzidlo.pl\/wp-content\/uploads\/2025\/05\/zgkim_cennik_2025-05-29_01.jpg\"><img decoding=\"async\" class=\"card-img  rounded-lg pix-gallery-item pix-gallery-sm\" src=\"http:\/\/zgkim.kadzidlo.pl\/wp-content\/uploads\/2025\/05\/zgkim_cennik_2025-05-29_01.jpg\" alt=\"\" \/><div class=\"card-img-overlay d-flex align-items-end pix-p-10\"><\/div><\/a><\/div><div class=\" grid-item pix-mb-20 \"><a class=\"card pix-lightbox-item pix-hover-item  shadow shadow-hover-sm fly rounded-lg\" data-fancybox=\"gallery\" data-caption=\"\" href=\"http:\/\/zgkim.kadzidlo.pl\/wp-content\/uploads\/2025\/05\/zgkim_cennik_2025-05-29_02.jpg\"><img decoding=\"async\" class=\"card-img  rounded-lg pix-gallery-item pix-gallery-sm\" src=\"http:\/\/zgkim.kadzidlo.pl\/wp-content\/uploads\/2025\/05\/zgkim_cennik_2025-05-29_02.jpg\" alt=\"\" \/><div class=\"card-img-overlay d-flex align-items-end pix-p-10\"><\/div><\/a><\/div><div class=\" grid-item pix-mb-20 \"><a class=\"card pix-lightbox-item pix-hover-item  shadow shadow-hover-sm fly rounded-lg\" data-fancybox=\"gallery\" data-caption=\"\" href=\"http:\/\/zgkim.kadzidlo.pl\/wp-content\/uploads\/2025\/05\/zgkim_cennik_2025-05-29_03.jpg\"><img decoding=\"async\" class=\"card-img  rounded-lg pix-gallery-item pix-gallery-sm\" src=\"http:\/\/zgkim.kadzidlo.pl\/wp-content\/uploads\/2025\/05\/zgkim_cennik_2025-05-29_03.jpg\" alt=\"\" \/><div class=\"card-img-overlay d-flex align-items-end pix-p-10\"><\/div><\/a><\/div><div class=\" grid-item pix-mb-20 \"><a class=\"card pix-lightbox-item pix-hover-item  shadow shadow-hover-sm fly rounded-lg\" data-fancybox=\"gallery\" data-caption=\"\" href=\"http:\/\/zgkim.kadzidlo.pl\/wp-content\/uploads\/2025\/05\/zgkim_cennik_2025-05-29_04.jpg\"><img decoding=\"async\" class=\"card-img  rounded-lg pix-gallery-item pix-gallery-sm\" src=\"http:\/\/zgkim.kadzidlo.pl\/wp-content\/uploads\/2025\/05\/zgkim_cennik_2025-05-29_04.jpg\" alt=\"\" \/><div class=\"card-img-overlay d-flex align-items-end pix-p-10\"><\/div><\/a><\/div><div class=\" grid-item pix-mb-20 \"><a class=\"card pix-lightbox-item pix-hover-item  shadow shadow-hover-sm fly rounded-lg\" data-fancybox=\"gallery\" data-caption=\"\" href=\"http:\/\/zgkim.kadzidlo.pl\/wp-content\/uploads\/2025\/05\/zgkim_cennik_2025-05-29_05.jpg\"><img decoding=\"async\" class=\"card-img  rounded-lg pix-gallery-item pix-gallery-sm\" src=\"http:\/\/zgkim.kadzidlo.pl\/wp-content\/uploads\/2025\/05\/zgkim_cennik_2025-05-29_05.jpg\" alt=\"\" \/><div class=\"card-img-overlay d-flex align-items-end pix-p-10\"><\/div><\/a><\/div><div class=\" grid-item pix-mb-20 \"><a class=\"card pix-lightbox-item pix-hover-item  shadow shadow-hover-sm fly rounded-lg\" data-fancybox=\"gallery\" data-caption=\"\" href=\"http:\/\/zgkim.kadzidlo.pl\/wp-content\/uploads\/2025\/05\/zgkim_cennik_2025-05-29_06.jpg\"><img decoding=\"async\" class=\"card-img  rounded-lg pix-gallery-item pix-gallery-sm\" src=\"http:\/\/zgkim.kadzidlo.pl\/wp-content\/uploads\/2025\/05\/zgkim_cennik_2025-05-29_06.jpg\" alt=\"\" \/><div class=\"card-img-overlay d-flex align-items-end pix-p-10\"><\/div><\/a><\/div><\/div><\/div>[\/vc_column][\/vc_row][\/vc_section][vc_row pix_particles_check=&#8221;&#8221;][vc_column width=&#8221;1\/2&#8243;]<div class=\"pix-content-box card      vc_custom_1713773270194    rounded-lg shadow shadow-hover fly-sm bg- text-left  w-100  \"   ><div class=\"\" style=\"z-index:30;position:relative;\"><div id=\"1713773370284-a29b9672-378e\" class=\"pix-feature-el text-center \"><div class=\"feature_img \"   style=\"width:60px;height:auto;display:inline-block;position:relative;\"><img decoding=\"async\" style=\"width:60px;height:60px;\" class=\"img-fluid2 pix-fit-cover2 pix-fit-contain  \" src=\"http:\/\/zgkim.kadzidlo.pl\/wp-content\/uploads\/2021\/12\/woda.png\" alt=\"WODA\"><\/div><h6 class=\"font-weight-bold  secondary-font text-heading-default \" style=\"padding-top:20px;\"  >WODA<\/h6><div class=\"text-text-gray      \" style=\"padding-top:20px;\"  ><\/div><\/div><div id=\"duo-icon-181133547\" class=\"slide-in-container w-100  \" ><div class=\"py-2 \"  ><div class=\"pix-feature-list        py-2 d-flex align-items-center\" ><div class=\"pix-mr-10 text-primary\" style=\"width:1.5em;min-width:1.5em;height:1.5em;min-width:1.5em;position:relative;line-height:1em;text-align:center;\"><svg width=\"100%\" height=\"100%\" viewBox=\"0 0 24 24\" version=\"1.1\" xmlns=\"http:\/\/www.w3.org\/2000\/svg\" xmlns:xlink=\"http:\/\/www.w3.org\/1999\/xlink\"> <defs><\/defs> <g stroke=\"none\" stroke-width=\"1\" fill=\"none\" fill-rule=\"evenodd\"> <circle fill=\"#000000\" cx=\"12\" cy=\"12\" r=\"8\"><\/circle> <\/g> <\/svg><\/div><span class=\"text-body-default\">montujemy, plombujemy i demontujemy wodomierze (Pierwszy monta\u017c jest bezp\u0142atny)<\/span><\/div><div class=\"pix-feature-list        py-2 d-flex align-items-center\" ><div class=\"pix-mr-10 text-primary\" style=\"width:1.5em;min-width:1.5em;height:1.5em;min-width:1.5em;position:relative;line-height:1em;text-align:center;\"><svg width=\"100%\" height=\"100%\" viewBox=\"0 0 24 24\" version=\"1.1\" xmlns=\"http:\/\/www.w3.org\/2000\/svg\" xmlns:xlink=\"http:\/\/www.w3.org\/1999\/xlink\"> <defs><\/defs> <g stroke=\"none\" stroke-width=\"1\" fill=\"none\" fill-rule=\"evenodd\"> <circle fill=\"#000000\" cx=\"12\" cy=\"12\" r=\"8\"><\/circle> <\/g> <\/svg><\/div><span class=\"text-body-default\">wypo\u017cyczamy zestaw wodomierzowy do poboru wody z hydrantu<\/span><\/div><div class=\"pix-feature-list        py-2 d-flex align-items-center\" ><div class=\"pix-mr-10 text-primary\" style=\"width:1.5em;min-width:1.5em;height:1.5em;min-width:1.5em;position:relative;line-height:1em;text-align:center;\"><svg width=\"100%\" height=\"100%\" viewBox=\"0 0 24 24\" version=\"1.1\" xmlns=\"http:\/\/www.w3.org\/2000\/svg\" xmlns:xlink=\"http:\/\/www.w3.org\/1999\/xlink\"> <defs><\/defs> <g stroke=\"none\" stroke-width=\"1\" fill=\"none\" fill-rule=\"evenodd\"> <circle fill=\"#000000\" cx=\"12\" cy=\"12\" r=\"8\"><\/circle> <\/g> <\/svg><\/div><span class=\"text-body-default\">sprzedajemy podliczniki<\/span><\/div><div class=\"pix-feature-list        py-2 d-flex align-items-center\" ><div class=\"pix-mr-10 text-primary\" style=\"width:1.5em;min-width:1.5em;height:1.5em;min-width:1.5em;position:relative;line-height:1em;text-align:center;\"><svg width=\"100%\" height=\"100%\" viewBox=\"0 0 24 24\" version=\"1.1\" xmlns=\"http:\/\/www.w3.org\/2000\/svg\" xmlns:xlink=\"http:\/\/www.w3.org\/1999\/xlink\"> <defs><\/defs> <g stroke=\"none\" stroke-width=\"1\" fill=\"none\" fill-rule=\"evenodd\"> <circle fill=\"#000000\" cx=\"12\" cy=\"12\" r=\"8\"><\/circle> <\/g> <\/svg><\/div><span class=\"text-body-default\">programujemy modu\u0142 radiowy na podliczniku <\/span><\/div><div class=\"pix-feature-list        py-2 d-flex align-items-center\" ><div class=\"pix-mr-10 text-primary\" style=\"width:1.5em;min-width:1.5em;height:1.5em;min-width:1.5em;position:relative;line-height:1em;text-align:center;\"><svg width=\"100%\" height=\"100%\" viewBox=\"0 0 24 24\" version=\"1.1\" xmlns=\"http:\/\/www.w3.org\/2000\/svg\" xmlns:xlink=\"http:\/\/www.w3.org\/1999\/xlink\"> <defs><\/defs> <g stroke=\"none\" stroke-width=\"1\" fill=\"none\" fill-rule=\"evenodd\"> <circle fill=\"#000000\" cx=\"12\" cy=\"12\" r=\"8\"><\/circle> <\/g> <\/svg><\/div><span class=\"text-body-default\">wydajemy za\u015bwiadczenia o jako\u015bci i ilo\u015bci dostarczonej wody<\/span><\/div><\/div><\/div><\/div><\/div>[\/vc_column][vc_column width=&#8221;1\/4&#8243;]<div class=\"pix-content-box card      vc_custom_1713773270194    rounded-lg shadow shadow-hover fly-sm bg- text-left  w-100  \"   ><div class=\"\" style=\"z-index:30;position:relative;\"><div id=\"1713773516837-5e212f56-b2e6\" class=\"pix-feature-el text-center \"><div class=\"feature_img \"   style=\"width:60px;height:auto;display:inline-block;position:relative;\"><img decoding=\"async\" style=\"width:60px;height:60px;\" class=\"img-fluid2 pix-fit-cover2 pix-fit-contain  \" src=\"http:\/\/zgkim.kadzidlo.pl\/wp-content\/uploads\/2021\/12\/scieki.png\" alt=\"KANALIZACJA\"><\/div><h6 class=\"font-weight-bold  secondary-font text-heading-default \" style=\"padding-top:20px;\"  >KANALIZACJA<\/h6><div class=\"text-text-gray      \" style=\"padding-top:20px;\"  ><\/div><\/div><div id=\"duo-icon-153466240\" class=\"slide-in-container w-100  \" ><div class=\"py-2 \"  ><div class=\"pix-feature-list        py-2 d-flex align-items-center\" ><div class=\"pix-mr-10 text-primary\" style=\"width:1.5em;min-width:1.5em;height:1.5em;min-width:1.5em;position:relative;line-height:1em;text-align:center;\"><svg width=\"100%\" height=\"100%\" viewBox=\"0 0 24 24\" version=\"1.1\" xmlns=\"http:\/\/www.w3.org\/2000\/svg\" xmlns:xlink=\"http:\/\/www.w3.org\/1999\/xlink\"> <defs><\/defs> <g stroke=\"none\" stroke-width=\"1\" fill=\"none\" fill-rule=\"evenodd\"> <circle fill=\"#000000\" cx=\"12\" cy=\"12\" r=\"8\"><\/circle> <\/g> <\/svg><\/div><span class=\"text-body-default\">udra\u017cniamy kanalizacj\u0119 sanitarn\u0105 urz\u0105dzeniem wysokoci\u015bnieniowym<\/span><\/div><div class=\"pix-feature-list        py-2 d-flex align-items-center\" ><div class=\"pix-mr-10 text-primary\" style=\"width:1.5em;min-width:1.5em;height:1.5em;min-width:1.5em;position:relative;line-height:1em;text-align:center;\"><svg width=\"100%\" height=\"100%\" viewBox=\"0 0 24 24\" version=\"1.1\" xmlns=\"http:\/\/www.w3.org\/2000\/svg\" xmlns:xlink=\"http:\/\/www.w3.org\/1999\/xlink\"> <defs><\/defs> <g stroke=\"none\" stroke-width=\"1\" fill=\"none\" fill-rule=\"evenodd\"> <circle fill=\"#000000\" cx=\"12\" cy=\"12\" r=\"8\"><\/circle> <\/g> <\/svg><\/div><span class=\"text-body-default\">wywozimy nieczysto\u015bci p\u0142ynne (szambo i osad z przydomowych oczyszczalni) <\/span><\/div><\/div><\/div><\/div><\/div>[\/vc_column][vc_column width=&#8221;1\/4&#8243;]<div class=\"pix-content-box card      vc_custom_1713773270194    rounded-lg shadow shadow-hover fly-sm bg- text-left  w-100  \"   ><div class=\"\" style=\"z-index:30;position:relative;\"><div id=\"1713773599163-8e32dfc5-b321\" class=\"pix-feature-el text-center \"><div class=\"feature_img \"   style=\"width:60px;height:auto;display:inline-block;position:relative;\"><img decoding=\"async\" style=\"width:60px;height:60px;\" class=\"img-fluid2 pix-fit-cover2 pix-fit-contain  \" src=\"http:\/\/zgkim.kadzidlo.pl\/wp-content\/uploads\/2021\/12\/smieci.png\" alt=\"ODPADY\"><\/div><h6 class=\"font-weight-bold  secondary-font text-heading-default \" style=\"padding-top:20px;\"  >ODPADY<\/h6><div class=\"text-text-gray      \" style=\"padding-top:20px;\"  ><\/div><\/div><div id=\"duo-icon-199579822\" class=\"slide-in-container w-100  \" ><div class=\"py-2 \"  ><div class=\"pix-feature-list        py-2 d-flex align-items-center\" ><div class=\"pix-mr-10 text-primary\" style=\"width:1.5em;min-width:1.5em;height:1.5em;min-width:1.5em;position:relative;line-height:1em;text-align:center;\"><svg width=\"100%\" height=\"100%\" viewBox=\"0 0 24 24\" version=\"1.1\" xmlns=\"http:\/\/www.w3.org\/2000\/svg\" xmlns:xlink=\"http:\/\/www.w3.org\/1999\/xlink\"> <defs><\/defs> <g stroke=\"none\" stroke-width=\"1\" fill=\"none\" fill-rule=\"evenodd\"> <circle fill=\"#000000\" cx=\"12\" cy=\"12\" r=\"8\"><\/circle> <\/g> <\/svg><\/div><span class=\"text-body-default\">odbieramy odpady komunalne, od firm i instytucji<\/span><\/div><div class=\"pix-feature-list        py-2 d-flex align-items-center\" ><div class=\"pix-mr-10 text-primary\" style=\"width:1.5em;min-width:1.5em;height:1.5em;min-width:1.5em;position:relative;line-height:1em;text-align:center;\"><svg width=\"100%\" height=\"100%\" viewBox=\"0 0 24 24\" version=\"1.1\" xmlns=\"http:\/\/www.w3.org\/2000\/svg\" xmlns:xlink=\"http:\/\/www.w3.org\/1999\/xlink\"> <defs><\/defs> <g stroke=\"none\" stroke-width=\"1\" fill=\"none\" fill-rule=\"evenodd\"> <circle fill=\"#000000\" cx=\"12\" cy=\"12\" r=\"8\"><\/circle> <\/g> <\/svg><\/div><span class=\"text-body-default\">sprzedajemy kosze 120 litr\u00f3w oraz 1100 litr\u00f3w<\/span><\/div><\/div><\/div><\/div><\/div>[\/vc_column][\/vc_row][vc_row pix_particles_check=&#8221;&#8221;][vc_column][vc_column_text][\/vc_column_text][\/vc_column][\/vc_row][vc_row pix_particles_check=&#8221;&#8221;][vc_column width=&#8221;1\/4&#8243;]<div class=\"pix-content-box card      vc_custom_1713773270194    rounded-lg shadow shadow-hover fly-sm bg- text-left  w-100  \"   ><div class=\"\" style=\"z-index:30;position:relative;\"><div id=\"1713773799803-c73866e6-1ecc\" class=\"pix-feature-el text-center \"><div class=\"d-inline-block \"   style=\"position:relative;text-align:center;\"><i style=\"display:inline-block;font-size:60px;line-height:60px;\" class=\"text-primary align-middle pixicon-truck-2\"><\/i><\/div><h6 class=\"font-weight-bold  secondary-font text-heading-default \" style=\"padding-top:20px;\"  >Wynajmujemy sprz\u0119ty wraz z obs\u0142ug\u0105 operatora<\/h6><div class=\"text-text-gray      \" style=\"padding-top:20px;\"  ><\/div><\/div><div id=\"duo-icon-172615505\" class=\"slide-in-container w-100  \" ><div class=\"py-2 \"  ><div class=\"pix-feature-list        py-2 d-flex align-items-center\" ><div class=\"pix-mr-10 text-primary\" style=\"width:1.5em;min-width:1.5em;height:1.5em;min-width:1.5em;position:relative;line-height:1em;text-align:center;\"><svg width=\"100%\" height=\"100%\" viewBox=\"0 0 24 24\" version=\"1.1\" xmlns=\"http:\/\/www.w3.org\/2000\/svg\" xmlns:xlink=\"http:\/\/www.w3.org\/1999\/xlink\"> <defs><\/defs> <g stroke=\"none\" stroke-width=\"1\" fill=\"none\" fill-rule=\"evenodd\"> <circle fill=\"#000000\" cx=\"12\" cy=\"12\" r=\"8\"><\/circle> <\/g> <\/svg><\/div><span class=\"text-body-default\">\u0142adowarki KRAMER I MANITOU<\/span><\/div><div class=\"pix-feature-list        py-2 d-flex align-items-center\" ><div class=\"pix-mr-10 text-primary\" style=\"width:1.5em;min-width:1.5em;height:1.5em;min-width:1.5em;position:relative;line-height:1em;text-align:center;\"><svg width=\"100%\" height=\"100%\" viewBox=\"0 0 24 24\" version=\"1.1\" xmlns=\"http:\/\/www.w3.org\/2000\/svg\" xmlns:xlink=\"http:\/\/www.w3.org\/1999\/xlink\"> <defs><\/defs> <g stroke=\"none\" stroke-width=\"1\" fill=\"none\" fill-rule=\"evenodd\"> <circle fill=\"#000000\" cx=\"12\" cy=\"12\" r=\"8\"><\/circle> <\/g> <\/svg><\/div><span class=\"text-body-default\">koparko \u2013 \u0142adowark\u0119 CASE<\/span><\/div><\/div><\/div><\/div><\/div>[\/vc_column][vc_column width=&#8221;1\/4&#8243;]<div class=\"pix-content-box card      vc_custom_1713773270194    rounded-lg shadow shadow-hover fly-sm bg- text-left  w-100  \"   ><div class=\"\" style=\"z-index:30;position:relative;\"><div id=\"1713774178729-2b276c63-a678\" class=\"pix-feature-el text-center \"><div class=\"d-inline-block \"   style=\"position:relative;text-align:center;\"><i style=\"display:inline-block;font-size:60px;line-height:60px;\" class=\"text-primary align-middle pixicon-shop\"><\/i><\/div><h6 class=\"font-weight-bold  secondary-font text-heading-default \" style=\"padding-top:20px;\"  >Mamy w ofercie do sprzeda\u017cy<\/h6><div class=\"text-text-gray      \" style=\"padding-top:20px;\"  ><\/div><\/div><div id=\"duo-icon-100073017\" class=\"slide-in-container w-100  \" ><div class=\"py-2 \"  ><div class=\"pix-feature-list        py-2 d-flex align-items-center\" ><div class=\"pix-mr-10 text-primary\" style=\"width:1.5em;min-width:1.5em;height:1.5em;min-width:1.5em;position:relative;line-height:1em;text-align:center;\"><svg width=\"100%\" height=\"100%\" viewBox=\"0 0 24 24\" version=\"1.1\" xmlns=\"http:\/\/www.w3.org\/2000\/svg\" xmlns:xlink=\"http:\/\/www.w3.org\/1999\/xlink\"> <defs><\/defs> <g stroke=\"none\" stroke-width=\"1\" fill=\"none\" fill-rule=\"evenodd\"> <circle fill=\"#000000\" cx=\"12\" cy=\"12\" r=\"8\"><\/circle> <\/g> <\/svg><\/div><span class=\"text-body-default\">kompost<\/span><\/div><\/div><\/div><\/div><\/div>[\/vc_column][vc_column width=&#8221;1\/4&#8243;]<div class=\"pix-content-box card      vc_custom_1713773270194    rounded-lg shadow shadow-hover fly-sm bg- text-left  w-100  \"   ><div class=\"\" style=\"z-index:30;position:relative;\"><div id=\"1713774186317-857735c3-581c\" class=\"pix-feature-el text-center \"><div class=\"d-inline-block \"   style=\"position:relative;text-align:center;\"><i style=\"display:inline-block;font-size:60px;line-height:60px;\" class=\"text-primary align-middle pixicon-slideshow\"><\/i><\/div><h6 class=\"font-weight-bold  secondary-font text-heading-default \" style=\"padding-top:20px;\"  >Pozosta\u0142e<\/h6><div class=\"text-text-gray      \" style=\"padding-top:20px;\"  ><\/div><\/div><div id=\"duo-icon-127873109\" class=\"slide-in-container w-100  \" ><div class=\"py-2 \"  ><div class=\"pix-feature-list        py-2 d-flex align-items-center\" ><div class=\"pix-mr-10 text-primary\" style=\"width:1.5em;min-width:1.5em;height:1.5em;min-width:1.5em;position:relative;line-height:1em;text-align:center;\"><svg width=\"100%\" height=\"100%\" viewBox=\"0 0 24 24\" version=\"1.1\" xmlns=\"http:\/\/www.w3.org\/2000\/svg\" xmlns:xlink=\"http:\/\/www.w3.org\/1999\/xlink\"> <defs><\/defs> <g stroke=\"none\" stroke-width=\"1\" fill=\"none\" fill-rule=\"evenodd\"> <circle fill=\"#000000\" cx=\"12\" cy=\"12\" r=\"8\"><\/circle> <\/g> <\/svg><\/div><span class=\"text-body-default\">oferujemy najazd na wag\u0119 samochodow\u0105 50 t (odp\u0142atnie)<\/span><\/div><\/div><\/div><\/div><\/div>[\/vc_column][vc_column width=&#8221;1\/4&#8243;]<div class=\"pix-content-box card      vc_custom_1713773270194    rounded-lg shadow shadow-hover fly-sm bg- text-left  w-100  \"   ><div class=\"\" style=\"z-index:30;position:relative;\"><div id=\"1713774376663-4772d68f-a1fc\" class=\"pix-feature-el text-center \"><div class=\"d-inline-block \"   style=\"position:relative;text-align:center;\"><i style=\"display:inline-block;font-size:60px;line-height:60px;\" class=\"text-primary align-middle pixicon-trash-1\"><\/i><\/div><h6 class=\"font-weight-bold  secondary-font text-heading-default \" style=\"padding-top:20px;\"  >PSZOK<\/h6><div class=\"text-text-gray      \" style=\"padding-top:20px;\"  ><\/div><\/div><div id=\"duo-icon-109246456\" class=\"slide-in-container w-100  \" ><div class=\"py-2 \"  ><div class=\"pix-feature-list        py-2 d-flex align-items-center\" ><span class=\"text-body-default\">W punkcie selektywnej zbi\u00f3rki odpad\u00f3w komunalnych (PSZOK) przyjmujemy posegregowane odpady od mieszka\u0144c\u00f3w Gminy Kadzid\u0142o <\/span><\/div><\/div><\/div><\/div><\/div>[\/vc_column][\/vc_row]<\/p>\n","protected":false},"excerpt":{"rendered":"[vc_section full_width=&#8221;stretch_row&#8221; pix_over_visibility=&#8221;&#8221; bottom_divider_select=&#8221;8&#8243; b_has_animation=&#8221;true&#8221; b_2_color=&#8221;rgba(255,255,255,0.01)&#8221; b_3_is_gradient=&#8221;true&#8221; b_3_color=&#8221;rgba(0,0,0,0.08)&#8221; b_3_color_2=&#8221;rgba(255,255,255,0.01)&#8221; b_3_animation=&#8221;fade-in-up&#8221; t_flip_h=&#8221;true&#8221; pix_overlay_color=&#8221;gradient-primary-light&#8221; responsive_css=&#8221;{&#8222;pix_res_sm_pt&#8222;:&#8222;20&#8222;,&#8222;pix_res_sm_pb&#8222;:&#8222;20&#8222;,&#8222;pix_res_md_pt&#8222;:&#8222;40&#8222;,&#8222;pix_res_md_pb&#8222;:&#8222;40&#8222;}&#8221; css=&#8221;.vc_custom_1639485544607{padding-top: 110px !important;padding-bottom: 110px !important;}&#8221; t_custom_height=&#8221;200px&#8221; b_custom_height=&#8221;300px&#8221; pix_overlay_opacity=&#8221;1&#8243; b_3_delay=&#8221;300&#8243;][vc_row full_width=&#8221;stretch_row&#8221; content_placement=&#8221;middle&#8221; pix_particles_check=&#8221;&#8221; responsive_css=&#8221;{&#8222;pix_res_sm_pt&#8222;:&#8222;40&#8222;,&#8222;pix_res_sm_pb&#8222;:&#8222;40&#8222;,&#8222;pix_res_md_pt&#8222;:&#8222;40&#8222;,&#8222;pix_res_md_pb&#8222;:&#8222;40&#8222;}&#8221;][vc_column width=&#8221;1\/2&#8243; css=&#8221;.vc_custom_1604715604745{padding-top: 20px !important;padding-bottom: 20px !important;}&#8221;][\/vc_column][vc_column width=&#8221;1\/2&#8243; content_align=&#8221;text-center&#8221;][\/vc_column][\/vc_row][\/vc_section][vc_section full_width=&#8221;stretch_row&#8221; pix_over_visibility=&#8221;&#8221; responsive_css=&#8221;{&#8222;pix_res_sm_pb&#8222;:&#8222;20&#8222;,&#8222;pix_res_md_pb&#8222;:&#8222;20&#8222;}&#8221; css=&#8221;.vc_custom_1614130072438{padding-top: 20px !important;padding-bottom:&#8230;","protected":false},"author":1,"featured_media":0,"parent":0,"menu_order":0,"comment_status":"closed","ping_status":"closed","template":"","meta":{"footnotes":""},"class_list":["post-591","page","type-page","status-publish","hentry"],"_links":{"self":[{"href":"http:\/\/zgkim.kadzidlo.pl\/index.php\/wp-json\/wp\/v2\/pages\/591","targetHints":{"allow":["GET"]}}],"collection":[{"href":"http:\/\/zgkim.kadzidlo.pl\/index.php\/wp-json\/wp\/v2\/pages"}],"about":[{"href":"http:\/\/zgkim.kadzidlo.pl\/index.php\/wp-json\/wp\/v2\/types\/page"}],"author":[{"embeddable":true,"href":"http:\/\/zgkim.kadzidlo.pl\/index.php\/wp-json\/wp\/v2\/users\/1"}],"replies":[{"embeddable":true,"href":"http:\/\/zgkim.kadzidlo.pl\/index.php\/wp-json\/wp\/v2\/comments?post=591"}],"version-history":[{"count":37,"href":"http:\/\/zgkim.kadzidlo.pl\/index.php\/wp-json\/wp\/v2\/pages\/591\/revisions"}],"predecessor-version":[{"id":4176,"href":"http:\/\/zgkim.kadzidlo.pl\/index.php\/wp-json\/wp\/v2\/pages\/591\/revisions\/4176"}],"wp:attachment":[{"href":"http:\/\/zgkim.kadzidlo.pl\/index.php\/wp-json\/wp\/v2\/media?parent=591"}],"curies":[{"name":"wp","href":"https:\/\/api.w.org\/{rel}","templated":true}]}}