{"id":605,"date":"2021-02-17T00:56:17","date_gmt":"2021-02-17T00:56:17","guid":{"rendered":"https:\/\/megapack.pixfort.com\/company\/?page_id=605"},"modified":"2025-12-18T12:36:05","modified_gmt":"2025-12-18T11:36:05","slug":"harmonogramy","status":"publish","type":"page","link":"http:\/\/zgkim.kadzidlo.pl\/index.php\/harmonogramy\/","title":{"rendered":"Harmonogramy"},"content":{"rendered":"<p>[vc_section full_width=&#8221;stretch_row&#8221; pix_over_visibility=&#8221;&#8221; bottom_divider_select=&#8221;8&#8243; b_has_animation=&#8221;true&#8221; b_2_color=&#8221;rgba(255,255,255,0.01)&#8221; b_3_is_gradient=&#8221;true&#8221; b_3_color=&#8221;rgba(0,0,0,0.08)&#8221; b_3_color_2=&#8221;rgba(255,255,255,0.01)&#8221; b_3_animation=&#8221;fade-in-up&#8221; t_flip_h=&#8221;true&#8221; pix_overlay_color=&#8221;primary&#8221; responsive_css=&#8221;{&#8222;pix_res_sm_pt&#8222;:&#8222;20&#8222;,&#8222;pix_res_sm_pb&#8222;:&#8222;20&#8222;,&#8222;pix_res_md_pt&#8222;:&#8222;40&#8222;,&#8222;pix_res_md_pb&#8222;:&#8222;40&#8222;}&#8221; css=&#8221;.vc_custom_1639488959568{padding-top: 110px !important;padding-bottom: 110px !important;}&#8221; t_custom_height=&#8221;200px&#8221; b_custom_height=&#8221;300px&#8221; pix_overlay_opacity=&#8221;1&#8243; b_3_delay=&#8221;300&#8243;][vc_row full_width=&#8221;stretch_row&#8221; content_placement=&#8221;middle&#8221; pix_particles_check=&#8221;&#8221; responsive_css=&#8221;{&#8222;pix_res_sm_pt&#8222;:&#8222;40&#8222;,&#8222;pix_res_sm_pb&#8222;:&#8222;40&#8222;,&#8222;pix_res_md_pt&#8222;:&#8222;40&#8222;,&#8222;pix_res_md_pb&#8222;:&#8222;40&#8222;}&#8221;][vc_column width=&#8221;1\/2&#8243; css=&#8221;.vc_custom_1604715604745{padding-top: 20px !important;padding-bottom: 20px !important;}&#8221;]<div id=\"highlighted-text-173372279\" class=\"text-left  vc_custom_1766057456366\"><h2 class=\"text-white\"  data-anim-type=\"\" data-anim-delay=\"0\"><span class=\"font-weight-normal  heading-font\">Harmonogramy <\/span><span class=\"pix-highlighted-text  font-weight-normal  font-weight-bold heading-font highlighted-text-173372279-1 animate-in\" data-anim-type=\"highlight-grow\" data-anim-delay=\"200\">odbioru odpad\u00f3w<\/span><span class=\"font-weight-normal  heading-font\"> w 2026 roku.<\/span><\/h2><\/div><div class=\"pix-el-text slide-in-container2 w-100   vc_custom_1639488990184\" ><p class=\"text-20  text-light-opacity-9  \" >Poni\u017cej lista harmonogram\u00f3w do pobrania.<\/p><\/div>[\/vc_column][vc_column width=&#8221;1\/2&#8243; content_align=&#8221;text-center&#8221;]<div class=\"d-inline-block \" ><div class=\"tilt\"><div class=\"pix-img-el    shadow-lg shadow-hover-lg scale-sm text-center d-inline-block  w-100 rounded-10\"  data-jarallax-element=\"50 \"><img loading=\"lazy\" decoding=\"async\" class=\"card-img2 pix-img-elem rounded-10  h-1002\" style=\"height:auto;\" width=\"2230\" height=\"2209\" srcset=\"http:\/\/zgkim.kadzidlo.pl\/wp-content\/uploads\/2021\/12\/JSSO_plakat.jpg 2230w, http:\/\/zgkim.kadzidlo.pl\/wp-content\/uploads\/2021\/12\/JSSO_plakat-300x297.jpg 300w, http:\/\/zgkim.kadzidlo.pl\/wp-content\/uploads\/2021\/12\/JSSO_plakat-1024x1014.jpg 1024w, http:\/\/zgkim.kadzidlo.pl\/wp-content\/uploads\/2021\/12\/JSSO_plakat-150x150.jpg 150w, http:\/\/zgkim.kadzidlo.pl\/wp-content\/uploads\/2021\/12\/JSSO_plakat-768x761.jpg 768w, http:\/\/zgkim.kadzidlo.pl\/wp-content\/uploads\/2021\/12\/JSSO_plakat-1536x1522.jpg 1536w, http:\/\/zgkim.kadzidlo.pl\/wp-content\/uploads\/2021\/12\/JSSO_plakat-2048x2029.jpg 2048w, http:\/\/zgkim.kadzidlo.pl\/wp-content\/uploads\/2021\/12\/JSSO_plakat-75x75.jpg 75w\" sizes=\"auto, (max-width: 2230px) 100vw, 2230px\" src=\"http:\/\/zgkim.kadzidlo.pl\/wp-content\/uploads\/2021\/12\/JSSO_plakat.jpg\" alt=\"\" \/><\/div><\/div><\/div>[\/vc_column][\/vc_row][\/vc_section][vc_section full_width=&#8221;stretch_row&#8221; pix_over_visibility=&#8221;&#8221; css=&#8221;.vc_custom_1613526954945{padding-top: 20px !important;padding-bottom: 20px !important;background-color: #ffffff !important;}&#8221;][vc_row full_width=&#8221;stretch_row&#8221; pix_particles_check=&#8221;&#8221; responsive_css=&#8221;{&#8222;pix_res_sm_pb&#8222;:&#8222;0&#8222;,&#8222;pix_res_md_pb&#8222;:&#8222;0&#8222;}&#8221; css=&#8221;.vc_custom_1613527124717{padding-bottom: 20px !important;}&#8221;][vc_column]<div class=\"text-center \"><div><h1 class=\"pix-headline my-3  pixfade text-heading-default font-weight-bold   animate-in\" style=\"\" data-anim-type=\"fade-in-down\" data-anim-delay=\"0\" ><span>Harmonogramy na rok <\/span><span class=\"pix-words-wrapper\"><span class=\"is-visible text-green\" >2026<\/span> <\/span><span><\/span><\/h1><\/div><\/div><div class=\"pix-el-text slide-in-container2 w-100  \" ><p class=\"text-18  text-body-default  font-weight-bold\" >Na podstawie umowy odbieramy odpady od firm i instytucji.<\/p><\/div><div class=\"container\"><div class=\"row justify-content-center\"><div class=\"col bg-white2 rounded-lg2  vc_custom_1766057720910 w-100 m-32 p-42 pix-py-30 col-sm-auto d-md-flex align-items-center text-center text-sm-left justify-content-between2\" style=\"z-index:11;\" ><div class=\"mr-md-5\"><h5 class=\"d-block mr-md-3 mb-md-0 mb-md-0 font-weight-bold text-heading-default font-weight-bold text-heading-default\" style=\"\"><\/h5><span class=\"d-block mr-md-3 mb-md-0 mb-md-0 pix-mt-10  text-sm text-body-default\" style=\"\">Harmonogram odbioru odpad\u00f3w komunalnych z firm i instytucji na terenie Gminy Kadzid\u0142o. Cz\u0119stotliwo\u015b\u0107 odbioru: dwa odbiory w miesi\u0105cu.<\/span><\/div><div class=\"flex-fill mt-4 mt-sm-0 mt-md-0 text-md-right flex-grow-1\" style=\"min-width:250px;max-width:100%;\"><a  href=\"http:\/\/zgkim.kadzidlo.pl\/wp-content\/uploads\/2025\/12\/biartekpl_zgkim_harmonogram_2026_trasa_FIRMY.pdf\" class=\"btn mb-0     scale-sm text-black btn-yellow d-inline-block      btn-md\"     ><i class=\"font-weight-bold pixicon-file-clip   mr-1\"><\/i> <span class=\"font-weight-bold \" >POBIERZ - Firmy i instytucje<\/span><\/a><\/div><\/div><\/div><\/div><div class=\"pix-content-box card         rounded-lg bg- text-center  w-100  \"   ><div class=\"\" style=\"z-index:30;position:relative;\"><div class=\"pix-el-text slide-in-container2 w-100   vc_custom_1713776385749\" ><p class=\"text-18  text-body-default  font-weight-bold\" >W naszym zak\u0142adzie jest mo\u017cliwo\u015b\u0107 zakupienia koszy na odpady.<\/p><\/div><a  href=\"http:\/\/zgkim.kadzidlo.pl\/index.php\/services\/\" class=\"btn mb-2     btn-primary d-inline-block      btn-md\"     ><span class=\"font-weight-bold \" >Cennik znajduje si\u0119 w zak\u0142adce Strefa Klienta.<\/span><\/a><\/div><\/div><div id=\"1639499304689-99df1719-894e\" class=\"pix-feature-el text-left \"><h3 class=\"font-weight-bold   text-heading-default \" style=\"padding-top:20px;\"  >Pliki do pobrania<\/h3><div class=\"text-text-gray      \" style=\"padding-top:20px;\"  ><\/div><\/div><div class=\"container\"><div class=\"row justify-content-center\"><div class=\"col bg-white2 rounded-lg2  vc_custom_1766057696082 w-100 m-32 p-42 pix-py-30 col-sm-auto d-md-flex align-items-center text-center text-sm-left justify-content-between2\" style=\"z-index:11;\" ><div class=\"mr-md-5\"><h5 class=\"d-block mr-md-3 mb-md-0 mb-md-0 font-weight-bold text-heading-default font-weight-bold text-heading-default\" style=\"\">Trasa 1-2<\/h5><span class=\"d-block mr-md-3 mb-md-0 mb-md-0 pix-mt-10  text-sm text-body-default\" style=\"\">Chudek, Dylewo, Gleba, Jeglijowiec, Kierzek, Kuczy\u0144skie, Kadzid\u0142o 3- 44, Kadzid\u0142o \u2013 ulice: 11 Listopada, Kameliowa, Mi\u0119towa, Mi\u0142osza, Ostrobramska, Pogodna, Solidarno\u015bci, Spokojna, T\u0119czowa, Warszawska 14-39<\/span><\/div><div class=\"flex-fill mt-4 mt-sm-0 mt-md-0 text-md-right flex-grow-1\" style=\"min-width:250px;max-width:100%;\"><a  href=\"http:\/\/zgkim.kadzidlo.pl\/wp-content\/uploads\/2025\/12\/biartekpl_zgkim_harmonogram_2026_trasa_1-2.pdf\" class=\"btn mb-0     scale-sm btn-primary d-inline-block      btn-md\"     ><i class=\"font-weight-bold pixicon-file-clip   mr-1\"><\/i> <span class=\"font-weight-bold \" >POBIERZ - Trasa 1-2<\/span><\/a><\/div><\/div><\/div><\/div><div class=\"container\"><div class=\"row justify-content-center\"><div class=\"col bg-white2 rounded-lg2  vc_custom_1766057709682 w-100 m-32 p-42 pix-py-30 col-sm-auto d-md-flex align-items-center text-center text-sm-left justify-content-between2\" style=\"z-index:11;\" ><div class=\"mr-md-5\"><h5 class=\"d-block mr-md-3 mb-md-0 mb-md-0 font-weight-bold text-heading-default font-weight-bold text-heading-default\" style=\"\">Trasa 3-4<\/h5><span class=\"d-block mr-md-3 mb-md-0 mb-md-0 pix-mt-10  text-sm text-body-default\" style=\"\">Brzoz\u00f3wka, Jazgarka, Piasecznia, Rososz, Siarcza \u0141\u0105ka, Strza\u0142ki, Tatary, Todzia, Todzia: Jarz\u0119binowa 5, Wach, Kadzid\u0142o 63, 63C, 64, 114-129, Kadzid\u0142o \u2013 ulice: Chopina, D\u0119bowa 1 i 3, Kompozytor\u00f3w, Modrzejewskiej, Paderewskiego, Pi\u0142sudskiego, Strzelc\u00f3w Kurpiowskich, Szymanowskiego, Tatarska, Wieniawskiego, Witosa, Zacisze 4 i 6.<\/span><\/div><div class=\"flex-fill mt-4 mt-sm-0 mt-md-0 text-md-right flex-grow-1\" style=\"min-width:250px;max-width:100%;\"><a  href=\"http:\/\/zgkim.kadzidlo.pl\/wp-content\/uploads\/2025\/12\/biartekpl_zgkim_harmonogram_2026_trasa_3-4.pdf\" class=\"btn mb-0     scale-sm btn-primary d-inline-block      btn-md\"     ><i class=\"font-weight-bold pixicon-file-clip   mr-1\"><\/i> <span class=\"font-weight-bold \" >POBIERZ - Trasa 3-4<\/span><\/a><\/div><\/div><\/div><\/div><div class=\"container\"><div class=\"row justify-content-center\"><div class=\"col bg-white2 rounded-lg2  vc_custom_1766057739235 w-100 m-32 p-42 pix-py-30 col-sm-auto d-md-flex align-items-center text-center text-sm-left justify-content-between2\" style=\"z-index:11;\" ><div class=\"mr-md-5\"><h5 class=\"d-block mr-md-3 mb-md-0 mb-md-0 font-weight-bold text-heading-default font-weight-bold text-heading-default\" style=\"\">Trasa 5-6<\/h5><span class=\"d-block mr-md-3 mb-md-0 mb-md-0 pix-mt-10  text-sm text-body-default\" style=\"\">Kadzid\u0142o 57-78, 68-73<br \/>\nKadzid\u0142o \u2013 ulice: 1-go Maja, Akacjowa, Armii Krajowej, Ba\u015bniowa, Batalion\u00f3w Ch\u0142opskich, Bema, B\u0142\u0119kitna, Brzozowa, Bursztynowa, Ch\u0119tnika, Czere\u015bniowa, Deszczowa, Diamentowa, Ekologiczna, Handlowa, Herberta, Iwaszkiewicza, Jagodowa, Ja\u015bminowa, Juranda, Kalinowa, Konopnickiej, Konwaliowa, Kopernika, Ko\u015bciuszki, ks. Mieszki, Kurpiowska, Lawendowa, Le\u015bna, Lokalna, Lwowska, \u0141\u0105kowa, Malinowa, Mickiewicza, Moniuszki, Morelowa, My\u015bliwska, Nowa, Ogrodowa, Orzeszkowej, Padlewskiego, Parkowa, Partyzant\u00f3w, Piaskowa, Pi\u0119kna, Platynowa, Polna, Poziomkowa, Prusa, Psarskiego, Regionalna, R\u00f3\u017cana, Rubinowa, Sienkiewicza, S\u0142odka, S\u0142oneczna, S\u0142owackiego, Sosnowa, Spacerowa, Sportowa, Stacha Konwy, Suchcickiego, Szkolna, \u015aliwowa, \u015awierkowa, Targowa, Trasa Mazurska 16-66, Trasa Mazurska 1-9, Ustronna, Warszawska 3-11, Weso\u0142a, Wiejska, Wile\u0144ska, Wi\u015bniowa, Wojty\u0142y, Wrzosowa, Wsp\u00f3lna, Zawadzkiego, Zgody, Zielona, Zwyci\u0119stwa, \u0179r\u00f3dlana, \u017bo\u0142nierzy Wrze\u015bnia, \u017bytnia.<\/span><\/div><div class=\"flex-fill mt-4 mt-sm-0 mt-md-0 text-md-right flex-grow-1\" style=\"min-width:250px;max-width:100%;\"><a  href=\"http:\/\/zgkim.kadzidlo.pl\/wp-content\/uploads\/2025\/12\/biartekpl_zgkim_harmonogram_2026_trasa_5-6.pdf\" class=\"btn mb-0     scale-sm btn-primary d-inline-block      btn-md\"     ><i class=\"font-weight-bold pixicon-file-clip   mr-1\"><\/i> <span class=\"font-weight-bold \" >POBIERZ - Trasa 5-6<\/span><\/a><\/div><\/div><\/div><\/div><div class=\"container\"><div class=\"row justify-content-center\"><div class=\"col bg-white2 rounded-lg2  vc_custom_1766057751182 w-100 m-32 p-42 pix-py-30 col-sm-auto d-md-flex align-items-center text-center text-sm-left justify-content-between2\" style=\"z-index:11;\" ><div class=\"mr-md-5\"><h5 class=\"d-block mr-md-3 mb-md-0 mb-md-0 font-weight-bold text-heading-default font-weight-bold text-heading-default\" style=\"\">Trasa 7<\/h5><span class=\"d-block mr-md-3 mb-md-0 mb-md-0 pix-mt-10  text-sm text-body-default\" style=\"\">Brzozowa, Czarnia, Grale, Golanka, Krobia, Klimki, Sul<\/span><\/div><div class=\"flex-fill mt-4 mt-sm-0 mt-md-0 text-md-right flex-grow-1\" style=\"min-width:250px;max-width:100%;\"><a  href=\"http:\/\/zgkim.kadzidlo.pl\/wp-content\/uploads\/2025\/12\/biartekpl_zgkim_harmonogram_2026_trasa_7.pdf\" class=\"btn mb-0     scale-sm btn-primary d-inline-block      btn-md\"     ><i class=\"font-weight-bold pixicon-file-clip   mr-1\"><\/i> <span class=\"font-weight-bold \" >POBIERZ - Trasa 7<\/span><\/a><\/div><\/div><\/div><\/div><div id=\"1641808711133-594ba7f7-bc3b\" class=\"pix-feature-el text-left \"><h3 class=\"font-weight-bold   text-heading-default \" style=\"padding-top:20px;\"  >Trudno dost\u0119pne<\/h3><div class=\"text-text-gray      \" style=\"padding-top:20px;\"  ><\/div><\/div><div class=\"container\"><div class=\"row justify-content-center\"><div class=\"col bg-white2 rounded-lg2  vc_custom_1766057763742 w-100 m-32 p-42 pix-py-30 col-sm-auto d-md-flex align-items-center text-center text-sm-left justify-content-between2\" style=\"z-index:11;\" ><div class=\"mr-md-5\"><h5 class=\"d-block mr-md-3 mb-md-0 mb-md-0 font-weight-bold text-heading-default font-weight-bold text-heading-default\" style=\"\"><\/h5><span class=\"d-block mr-md-3 mb-md-0 mb-md-0 pix-mt-10  text-sm text-body-default\" style=\"\">Harmonogram odbioru odpad\u00f3w komunalnych z nieruchomo\u015bci<br \/>\ntrudno dost\u0119pnych. Cz\u0119stotliwo\u015b\u0107 odbioru: dwa odbiory w miesi\u0105cu.<\/span><\/div><div class=\"flex-fill mt-4 mt-sm-0 mt-md-0 text-md-right flex-grow-1\" style=\"min-width:250px;max-width:100%;\"><a  href=\"http:\/\/zgkim.kadzidlo.pl\/wp-content\/uploads\/2025\/12\/biartekpl_zgkim_harmonogram_2026_trasa_TRUDNE.pdf\" class=\"btn mb-0     scale-sm btn-orange d-inline-block      btn-md\"     ><i class=\"font-weight-bold pixicon-file-clip   mr-1\"><\/i> <span class=\"font-weight-bold \" >POBIERZ - Trudno dost\u0119pne<\/span><\/a><\/div><\/div><\/div><\/div><div class=\"pix-el-text slide-in-container2 w-100  \" ><p class=\"  text-white  \" >cos<br \/>\ncos<\/p><\/div><div class=\"text-center \"><div><h1 class=\"pix-headline my-3  pixfade text-heading-default font-weight-bold  \" style=\"\"><span>Harmonogramy na rok <\/span><span class=\"pix-words-wrapper\"><span class=\"is-visible text-green\" >2025<\/span> <\/span><span><\/span><\/h1><\/div><\/div><div class=\"container\"><div class=\"row justify-content-center\"><div class=\"col bg-white2 rounded-lg2  vc_custom_1766057646994 w-100 m-32 p-42 pix-py-30 col-sm-auto d-md-flex align-items-center text-center text-sm-left justify-content-between2\" style=\"z-index:11;\" ><div class=\"mr-md-5\"><h5 class=\"d-block mr-md-3 mb-md-0 mb-md-0 font-weight-bold text-heading-default font-weight-bold text-heading-default\" style=\"\">2025 - Firmy i instytucje<\/h5><\/div><div class=\"flex-fill mt-4 mt-sm-0 mt-md-0 text-md-right flex-grow-1\" style=\"min-width:250px;max-width:100%;\"><a  href=\"http:\/\/zgkim.kadzidlo.pl\/wp-content\/uploads\/2024\/12\/biartekpl_zgkim_harmonogram_2025_trasa_FIRMY.pdf\" class=\"btn mb-0     scale-sm text-black btn-yellow d-inline-block      btn-md\"     ><i class=\"font-weight-bold pixicon-file-clip   mr-1\"><\/i> <span class=\"font-weight-bold \" >POBIERZ - Firmy i instytucje<\/span><\/a><\/div><\/div><\/div><\/div><div class=\"container\"><div class=\"row justify-content-center\"><div class=\"col bg-white2 rounded-lg2  vc_custom_1766057630175 w-100 m-32 p-42 pix-py-30 col-sm-auto d-md-flex align-items-center text-center text-sm-left justify-content-between2\" style=\"z-index:11;\" ><div class=\"mr-md-5\"><h5 class=\"d-block mr-md-3 mb-md-0 mb-md-0 font-weight-bold text-heading-default font-weight-bold text-heading-default\" style=\"\">2025 - Trasa 1-2<\/h5><\/div><div class=\"flex-fill mt-4 mt-sm-0 mt-md-0 text-md-right flex-grow-1\" style=\"min-width:250px;max-width:100%;\"><a  href=\"http:\/\/zgkim.kadzidlo.pl\/wp-content\/uploads\/2024\/12\/biartekpl_zgkim_harmonogram_2025_1-2.pdf\" class=\"btn mb-0     scale-sm btn-primary d-inline-block      btn-md\"     ><i class=\"font-weight-bold pixicon-file-clip   mr-1\"><\/i> <span class=\"font-weight-bold \" >POBIERZ - Trasa 1-2<\/span><\/a><\/div><\/div><\/div><\/div><div class=\"container\"><div class=\"row justify-content-center\"><div class=\"col bg-white2 rounded-lg2  vc_custom_1766057605571 w-100 m-32 p-42 pix-py-30 col-sm-auto d-md-flex align-items-center text-center text-sm-left justify-content-between2\" style=\"z-index:11;\" ><div class=\"mr-md-5\"><h5 class=\"d-block mr-md-3 mb-md-0 mb-md-0 font-weight-bold text-heading-default font-weight-bold text-heading-default\" style=\"\">2025 - Trasa 3-4<\/h5><\/div><div class=\"flex-fill mt-4 mt-sm-0 mt-md-0 text-md-right flex-grow-1\" style=\"min-width:250px;max-width:100%;\"><a  href=\"http:\/\/zgkim.kadzidlo.pl\/wp-content\/uploads\/2024\/12\/biartekpl_zgkim_harmonogram_2025_3-4.pdf\" class=\"btn mb-0     scale-sm btn-primary d-inline-block      btn-md\"     ><i class=\"font-weight-bold pixicon-file-clip   mr-1\"><\/i> <span class=\"font-weight-bold \" >POBIERZ - Trasa 3-4<\/span><\/a><\/div><\/div><\/div><\/div><div class=\"container\"><div class=\"row justify-content-center\"><div class=\"col bg-white2 rounded-lg2  vc_custom_1766057582434 w-100 m-32 p-42 pix-py-30 col-sm-auto d-md-flex align-items-center text-center text-sm-left justify-content-between2\" style=\"z-index:11;\" ><div class=\"mr-md-5\"><h5 class=\"d-block mr-md-3 mb-md-0 mb-md-0 font-weight-bold text-heading-default font-weight-bold text-heading-default\" style=\"\">2024 - Trasa 5-6<\/h5><\/div><div class=\"flex-fill mt-4 mt-sm-0 mt-md-0 text-md-right flex-grow-1\" style=\"min-width:250px;max-width:100%;\"><a  href=\"http:\/\/zgkim.kadzidlo.pl\/wp-content\/uploads\/2024\/12\/biartekpl_zgkim_harmonogram_2025_5-6.pdf\" class=\"btn mb-0     scale-sm btn-primary d-inline-block      btn-md\"     ><i class=\"font-weight-bold pixicon-file-clip   mr-1\"><\/i> <span class=\"font-weight-bold \" >POBIERZ - Trasa 5-6<\/span><\/a><\/div><\/div><\/div><\/div><div class=\"container\"><div class=\"row justify-content-center\"><div class=\"col bg-white2 rounded-lg2  vc_custom_1766057545534 w-100 m-32 p-42 pix-py-30 col-sm-auto d-md-flex align-items-center text-center text-sm-left justify-content-between2\" style=\"z-index:11;\" ><div class=\"mr-md-5\"><h5 class=\"d-block mr-md-3 mb-md-0 mb-md-0 font-weight-bold text-heading-default font-weight-bold text-heading-default\" style=\"\">2025 - Trasa 7<\/h5><\/div><div class=\"flex-fill mt-4 mt-sm-0 mt-md-0 text-md-right flex-grow-1\" style=\"min-width:250px;max-width:100%;\"><a  href=\"http:\/\/zgkim.kadzidlo.pl\/wp-content\/uploads\/2024\/12\/biartekpl_zgkim_harmonogram_2025_7.pdf\" class=\"btn mb-0     scale-sm btn-primary d-inline-block      btn-md\"     ><i class=\"font-weight-bold pixicon-file-clip   mr-1\"><\/i> <span class=\"font-weight-bold \" >POBIERZ - Trasa 7<\/span><\/a><\/div><\/div><\/div><\/div><div class=\"container\"><div class=\"row justify-content-center\"><div class=\"col bg-white2 rounded-lg2  vc_custom_1766057531921 w-100 m-32 p-42 pix-py-30 col-sm-auto d-md-flex align-items-center text-center text-sm-left justify-content-between2\" style=\"z-index:11;\" ><div class=\"mr-md-5\"><h5 class=\"d-block mr-md-3 mb-md-0 mb-md-0 font-weight-bold text-heading-default font-weight-bold text-heading-default\" style=\"\">2025 - TRUDNO DOST\u0118PNE<\/h5><\/div><div class=\"flex-fill mt-4 mt-sm-0 mt-md-0 text-md-right flex-grow-1\" style=\"min-width:250px;max-width:100%;\"><a  href=\"http:\/\/zgkim.kadzidlo.pl\/wp-content\/uploads\/2024\/12\/biartekpl_zgkim_harmonogram_2025_trasa_TRUDNE.pdf\" class=\"btn mb-0     scale-sm btn-orange d-inline-block      btn-md\"     ><i class=\"font-weight-bold pixicon-file-clip   mr-1\"><\/i> <span class=\"font-weight-bold \" >POBIERZ - Trudno dost\u0119pne<\/span><\/a><\/div><\/div><\/div><\/div>[\/vc_column][\/vc_row][\/vc_section]<\/p>\n","protected":false},"excerpt":{"rendered":"[vc_section full_width=&#8221;stretch_row&#8221; pix_over_visibility=&#8221;&#8221; bottom_divider_select=&#8221;8&#8243; b_has_animation=&#8221;true&#8221; b_2_color=&#8221;rgba(255,255,255,0.01)&#8221; b_3_is_gradient=&#8221;true&#8221; b_3_color=&#8221;rgba(0,0,0,0.08)&#8221; b_3_color_2=&#8221;rgba(255,255,255,0.01)&#8221; b_3_animation=&#8221;fade-in-up&#8221; t_flip_h=&#8221;true&#8221; pix_overlay_color=&#8221;primary&#8221; responsive_css=&#8221;{&#8222;pix_res_sm_pt&#8222;:&#8222;20&#8222;,&#8222;pix_res_sm_pb&#8222;:&#8222;20&#8222;,&#8222;pix_res_md_pt&#8222;:&#8222;40&#8222;,&#8222;pix_res_md_pb&#8222;:&#8222;40&#8222;}&#8221; css=&#8221;.vc_custom_1639488959568{padding-top: 110px !important;padding-bottom: 110px !important;}&#8221; t_custom_height=&#8221;200px&#8221; b_custom_height=&#8221;300px&#8221; pix_overlay_opacity=&#8221;1&#8243; b_3_delay=&#8221;300&#8243;][vc_row full_width=&#8221;stretch_row&#8221; content_placement=&#8221;middle&#8221; pix_particles_check=&#8221;&#8221; responsive_css=&#8221;{&#8222;pix_res_sm_pt&#8222;:&#8222;40&#8222;,&#8222;pix_res_sm_pb&#8222;:&#8222;40&#8222;,&#8222;pix_res_md_pt&#8222;:&#8222;40&#8222;,&#8222;pix_res_md_pb&#8222;:&#8222;40&#8222;}&#8221;][vc_column width=&#8221;1\/2&#8243; css=&#8221;.vc_custom_1604715604745{padding-top: 20px !important;padding-bottom: 20px !important;}&#8221;][\/vc_column][vc_column width=&#8221;1\/2&#8243; content_align=&#8221;text-center&#8221;][\/vc_column][\/vc_row][\/vc_section][vc_section full_width=&#8221;stretch_row&#8221; pix_over_visibility=&#8221;&#8221; css=&#8221;.vc_custom_1613526954945{padding-top: 20px !important;padding-bottom: 20px&#8230;","protected":false},"author":1,"featured_media":0,"parent":0,"menu_order":0,"comment_status":"closed","ping_status":"closed","template":"","meta":{"footnotes":""},"class_list":["post-605","page","type-page","status-publish","hentry"],"_links":{"self":[{"href":"http:\/\/zgkim.kadzidlo.pl\/index.php\/wp-json\/wp\/v2\/pages\/605","targetHints":{"allow":["GET"]}}],"collection":[{"href":"http:\/\/zgkim.kadzidlo.pl\/index.php\/wp-json\/wp\/v2\/pages"}],"about":[{"href":"http:\/\/zgkim.kadzidlo.pl\/index.php\/wp-json\/wp\/v2\/types\/page"}],"author":[{"embeddable":true,"href":"http:\/\/zgkim.kadzidlo.pl\/index.php\/wp-json\/wp\/v2\/users\/1"}],"replies":[{"embeddable":true,"href":"http:\/\/zgkim.kadzidlo.pl\/index.php\/wp-json\/wp\/v2\/comments?post=605"}],"version-history":[{"count":40,"href":"http:\/\/zgkim.kadzidlo.pl\/index.php\/wp-json\/wp\/v2\/pages\/605\/revisions"}],"predecessor-version":[{"id":4205,"href":"http:\/\/zgkim.kadzidlo.pl\/index.php\/wp-json\/wp\/v2\/pages\/605\/revisions\/4205"}],"wp:attachment":[{"href":"http:\/\/zgkim.kadzidlo.pl\/index.php\/wp-json\/wp\/v2\/media?parent=605"}],"curies":[{"name":"wp","href":"https:\/\/api.w.org\/{rel}","templated":true}]}}