{"id":612,"date":"2021-02-17T00:57:21","date_gmt":"2021-02-17T00:57:21","guid":{"rendered":"https:\/\/megapack.pixfort.com\/company\/?page_id=612"},"modified":"2024-10-29T10:17:11","modified_gmt":"2024-10-29T09:17:11","slug":"contact","status":"publish","type":"page","link":"http:\/\/zgkim.kadzidlo.pl\/index.php\/contact\/","title":{"rendered":"Kontakt"},"content":{"rendered":"<p>[vc_section full_width=&#8221;stretch_row&#8221; pix_over_visibility=&#8221;&#8221; bottom_divider_select=&#8221;8&#8243; b_has_animation=&#8221;true&#8221; b_2_color=&#8221;rgba(255,255,255,0.01)&#8221; b_3_is_gradient=&#8221;true&#8221; b_3_color=&#8221;rgba(0,0,0,0.08)&#8221; b_3_color_2=&#8221;rgba(255,255,255,0.01)&#8221; b_3_animation=&#8221;fade-in-up&#8221; top_divider_select=&#8221;8&#8243; t_has_animation=&#8221;true&#8221; t_1_color=&#8221;rgba(152,214,98,0.01)&#8221; t_2_color=&#8221;&#8221; t_3_color=&#8221;rgba(255,255,255,0.1)&#8221; t_3_animation=&#8221;fade-in-down&#8221; t_flip_h=&#8221;true&#8221; pix_overlay_color=&#8221;gray-1&#8243; responsive_css=&#8221;{&#8222;pix_res_sm_pt&#8222;:&#8222;20&#8222;,&#8222;pix_res_sm_pb&#8222;:&#8222;20&#8222;,&#8222;pix_res_md_pt&#8222;:&#8222;40&#8222;,&#8222;pix_res_md_pb&#8222;:&#8222;40&#8222;}&#8221; css=&#8221;.vc_custom_1613618080432{padding-top: 40px !important;padding-bottom: 40px !important;}&#8221; t_custom_height=&#8221;200px&#8221; b_custom_height=&#8221;300px&#8221; pix_overlay_opacity=&#8221;1&#8243; b_3_delay=&#8221;300&#8243; t_3_delay=&#8221;150&#8243;][vc_row full_width=&#8221;stretch_row&#8221; content_placement=&#8221;middle&#8221; pix_particles_check=&#8221;&#8221; responsive_css=&#8221;{&#8222;pix_res_sm_pt&#8222;:&#8222;40&#8222;,&#8222;pix_res_sm_pb&#8222;:&#8222;40&#8222;,&#8222;pix_res_md_pt&#8222;:&#8222;40&#8222;,&#8222;pix_res_md_pb&#8222;:&#8222;40&#8222;}&#8221; css=&#8221;.vc_custom_1613618221329{padding-bottom: 40px !important;}&#8221;][vc_column width=&#8221;2\/3&#8243; css=&#8221;.vc_custom_1613618065669{padding-top: 40px !important;padding-bottom: 40px !important;}&#8221;]<div id=\"highlighted-text-65637096\" class=\"text-left  vc_custom_1653039864384\"><div class=\"d-inline-block\" style=\"max-width:500px;\"><h2 class=\"text-heading-default\"  data-anim-type=\"\" data-anim-delay=\"0\"><span class=\"font-weight-normal  heading-font\">Skontaktuj<br\/>si\u0119 <\/span><span class=\"pix-highlighted-text  font-weight-normal  font-weight-bold heading-font highlighted-text-65637096-1 animate-in\" data-anim-type=\"highlight-grow\" data-anim-delay=\"200\">z nami!<\/span><span class=\"font-weight-normal  heading-font\"><\/span><\/h2><\/div><\/div><div class=\"pix-el-text slide-in-container2 w-100   vc_custom_1639477518173\" ><p class=\"text-20  text-dark-opacity-5  \" >Skorzystaj z poni\u017cszego formularza, lub znajd\u017a nas na facebook&#8217;u!<\/p><\/div><div class=\"text-heading-default text-center pix-social-icons font-weight-bold d-inline-block \" style=\"font-size:32px;\"><a  href=\"https:\/\/www.facebook.com\/ZGKiM-Kadzid%C5%82o-110884347342607\/\" aria-label=\"\" class=\"text-heading-default animate-in d-inline-block fly-sm  px-2\" data-anim-type=\"fade-in-up\" data-anim-delay=\"400\"><i class=\"pixicon-facebook3\" style=\"\"><\/i><\/a><\/div>[\/vc_column][vc_column width=&#8221;1\/3&#8243;]<div class=\"pix-content-box card      vc_custom_1613618509072    rounded-10 shadow-sm shadow-hover fly-sm bg- w-100  \"   ><div class=\"scene scene-over\"><\/div><div class=\"\" style=\"z-index:30;position:relative;\"><a href=\"#\" ><div id=\"1607291086140-5b051fdd-5ca5\" class=\"media  vc_custom_1639477707664\"><div class=\"mr-3 feature_img \"   style=\"position:relative;text-align:center;\"><i style=\"display:inline-block;font-size:40px;min-width:40px;line-height:40px;\" class=\"text-gradient-primary align-middle pixicon-map-pinned-2\"><\/i><\/div><div class=\"media-body\"><h6 class=\"font-weight-bold  secondary-font text-heading-default  \" style=\"padding-top:8px;\"  >Jak do nas trafi\u0107?<\/h6><div class=\"text-body-default text-18     \" style=\"\"  ><b>Punkt Obs\u0142ugi Klienta:<\/b><br \/>\nul. Ko\u015bciuszki 15<br \/>\n07-420 Kadzid\u0142o<\/div><\/div><\/div><\/a><\/div><\/div><div class=\"pix-content-box card      vc_custom_1613618517019    rounded-10 shadow-sm shadow-hover fly-sm bg- w-100  \"   ><div class=\"scene scene-over\"><\/div><div class=\"\" style=\"z-index:30;position:relative;\"><a href=\"#\" ><div id=\"1607291082115-cb587fc1-14bd\" class=\"media  vc_custom_1713783095813\"><div class=\"mr-3 feature_img \"   style=\"position:relative;text-align:center;\"><i style=\"display:inline-block;font-size:40px;min-width:40px;line-height:40px;\" class=\"text-gradient-primary align-middle pixicon-user-male-phone\"><\/i><\/div><div class=\"media-body\"><h6 class=\"font-weight-bold  secondary-font text-heading-default  \" style=\"padding-top:8px;\"  >Zadzwo\u0144 do nas<\/h6><div class=\"text-body-default text-18     \" style=\"\"  >BIURO <b>29 761 89 38<\/b><br \/>\nWODA\u00a0<b>608 363 388<\/b><br \/>\nODPADY <b>506 563 358<\/b><br \/>\nPSZOK <b>881 056 679<\/b><\/div><\/div><\/div><\/a><\/div><\/div><div class=\"pix-content-box card      vc_custom_1613617699964    rounded-10 shadow-sm shadow-hover fly-sm bg- w-100  \"   ><div class=\"scene scene-over\"><\/div><div class=\"\" style=\"z-index:30;position:relative;\"><div id=\"1613618199109-237accdc-a18c\" class=\"media  vc_custom_1653039821301\"><div class=\"mr-3 feature_img \"   style=\"position:relative;text-align:center;\"><i style=\"display:inline-block;font-size:40px;min-width:40px;line-height:40px;\" class=\"text-gradient-primary align-middle pixicon-email-1\"><\/i><\/div><div class=\"media-body\"><h6 class=\"font-weight-bold  secondary-font text-heading-default  \" style=\"padding-top:8px;\"  >Wy\u015blij do nas maila<\/h6><div class=\"text-body-default text-18     \" style=\"\"  >zgkim@kadzidlo.pl<\/div><\/div><\/div><\/div><\/div>[\/vc_column][\/vc_row][\/vc_section][vc_section full_width=&#8221;stretch_row&#8221; content_placement=&#8221;middle&#8221; pix_over_visibility=&#8221;&#8221; top_divider_select=&#8221;8&#8243; top_layers=&#8221;1&#8243; responsive_css=&#8221;{&#8222;pix_res_sm_pt&#8222;:&#8222;20&#8222;,&#8222;pix_res_sm_pb&#8222;:&#8222;20&#8222;,&#8222;pix_res_md_pt&#8222;:&#8222;40&#8222;,&#8222;pix_res_md_pb&#8222;:&#8222;40&#8222;}&#8221; css=&#8221;.vc_custom_1613618311864{padding-top: 0px !important;padding-bottom: 80px !important;background-color: #ffffff !important;border-radius: 20px !important;}&#8221; el_id=&#8221;pix_section_about&#8221; section_name=&#8221;About&#8221;][vc_row content_placement=&#8221;middle&#8221; pix_particles_check=&#8221;&#8221;][vc_column width=&#8221;1\/2&#8243;]<div  class=\"pix-heading-el text-left  vc_custom_1639477395397\"><div><div class=\"slide-in-container\"><h3 class=\"text-heading-default font-weight-bold heading-text el-title_custom_color mb-12\" style=\"\" data-anim-type=\"\" data-anim-delay=\"0\">Zapytaj<\/h3><\/div><\/div><\/div><div class=\"pix-el-text slide-in-container2 w-100   vc_custom_1639477405294\" ><div class=\"d-inline-block\" style=\"max-width:600px;\"><p class=\"text-20  text-body-default  \" >Postaramy si\u0119 odpowiedzie\u0107 w ci\u0105gu 24h&#8230;<\/p><\/div><\/div><div role=\"form\" class=\"wpcf7\" id=\"wpcf7-f1566-o1\" lang=\"en-US\" dir=\"ltr\">\n<div class=\"screen-reader-response\"><p role=\"status\" aria-live=\"polite\" aria-atomic=\"true\"><\/p> <ul><\/ul><\/div>\n<form action=\"\/index.php\/wp-json\/wp\/v2\/pages\/612#wpcf7-f1566-o1\" method=\"post\" class=\"wpcf7-form init\" novalidate=\"novalidate\" data-status=\"init\">\n<div style=\"display: none;\">\n<input type=\"hidden\" name=\"_wpcf7\" value=\"1566\" \/>\n<input type=\"hidden\" name=\"_wpcf7_version\" value=\"5.5.3\" \/>\n<input type=\"hidden\" name=\"_wpcf7_locale\" value=\"en_US\" \/>\n<input type=\"hidden\" name=\"_wpcf7_unit_tag\" value=\"wpcf7-f1566-o1\" \/>\n<input type=\"hidden\" name=\"_wpcf7_container_post\" value=\"0\" \/>\n<input type=\"hidden\" name=\"_wpcf7_posted_data_hash\" value=\"\" \/>\n<\/div>\n<div class=\"pix-contact7-form\"><div class=\"row\">\n<div class=\"col-lg-6\"><label class=\"w-100\">Imi\u0119 i nazwisko<br \/>\n<span class=\"wpcf7-form-control-wrap your-name\"><input type=\"text\" name=\"your-name\" value=\"\" size=\"40\" class=\"wpcf7-form-control wpcf7-text wpcf7-validates-as-required pix-my-5 shadow-0 bg-gray-1 form-control\" aria-required=\"true\" aria-invalid=\"false\" placeholder=\"Jan Kowalski\" \/><\/span><\/label><\/div>\n<div class=\"col-lg-6\"><label class=\"w-100\">Adres email*<br \/>\n<span class=\"wpcf7-form-control-wrap your-email\"><input type=\"email\" name=\"your-email\" value=\"\" size=\"40\" class=\"wpcf7-form-control wpcf7-text wpcf7-email wpcf7-validates-as-required wpcf7-validates-as-email pix-my-5 shadow-0 bg-gray-1 form-control\" aria-required=\"true\" aria-invalid=\"false\" placeholder=\"email@email.pl\" \/><\/span><\/label><\/div>\n<div class=\"col-12\"><label class=\"w-100\">Temat*<br \/>\n<span class=\"wpcf7-form-control-wrap your-subject\"><input type=\"text\" name=\"your-subject\" value=\"\" size=\"40\" class=\"wpcf7-form-control wpcf7-text wpcf7-validates-as-required pix-my-5 shadow-0 bg-gray-1 form-control\" aria-required=\"true\" aria-invalid=\"false\" placeholder=\"Chcia\u0142bym zapyta\u0107 o...\" \/><\/span><\/label><\/div>\n<div class=\"col-12\"><label class=\"w-100\">Napisz wiadomo\u015b\u0107<span class=\"wpcf7-form-control-wrap your-message\"><textarea name=\"your-message\" cols=\"40\" rows=\"4\" class=\"wpcf7-form-control wpcf7-textarea wpcf7-validates-as-required pix-my-5 shadow-0 bg-gray-1 form-control\" aria-required=\"true\" aria-invalid=\"false\" placeholder=\"Wiadomo\u015b\u0107\"><\/textarea><\/span><\/label><\/div>\n<\/div>\n<p><input type=\"submit\" value=\"Wy\u015blij\" class=\"wpcf7-form-control has-spinner wpcf7-submit btn btn-green text-white w-100 pix-mt-10 font-weight-bold btn-lg shadow-hover\" \/><\/p>\n<\/div><div class=\"wpcf7-response-output\" aria-hidden=\"true\"><\/div><\/form><\/div>[\/vc_column][vc_column width=&#8221;1\/2&#8243; responsive_css=&#8221;{&#8222;pix_res_sm_pt&#8222;:&#8222;30&#8222;,&#8222;pix_res_md_pt&#8222;:&#8222;30&#8222;}&#8221;]<div class=\"pix-content-box card      vc_custom_1613618133533    rounded-10 shadow-sm shadow-hover fly-sm bg- w-100 overflow-hidden \"   ><div class=\"scene scene-over\"><\/div><div class=\"\" style=\"z-index:30;position:relative;\">[vc_gmaps link=&#8221;#E-8_JTNDaWZyYW1lJTIwc3JjJTNEJTIyaHR0cHMlM0ElMkYlMkZ3d3cuZ29vZ2xlLmNvbSUyRm1hcHMlMkZlbWJlZCUzRnBiJTNEJTIxMW0xOCUyMTFtMTIlMjExbTMlMjExZDIzODcuOTIwOTE5NDQ3MTMxJTIxMmQyMS40NjA4MjQzMTYzOTk3NDQlMjEzZDUzLjIzNzE5Mzg3OTk1NjQzJTIxMm0zJTIxMWYwJTIxMmYwJTIxM2YwJTIxM20yJTIxMWkxMDI0JTIxMmk3NjglMjE0ZjEzLjElMjEzbTMlMjExbTIlMjExczB4NDcxZTEzYTI4YzkxYTE2ZCUyNTNBMHhkNTRhZTE0OTNmYjExYTg5JTIxMnNaYWslMjVDNSUyNTgyYWQlMjUyMEdvc3BvZGFya2klMjUyMEtvbXVuYWxuZWolMjUyMGklMjUyME1pZXN6a2FuaW93ZWolMjUyMHclMjUyMEthZHppZGxlJTI1MjBTcC4lMjUyMHolMjUyMG8uby4lMjE1ZTAlMjEzbTIlMjExc3BsJTIxMnNwbCUyMTR2MTYzOTQ3NzI0MDI3NCUyMTVtMiUyMTFzcGwlMjEyc3BsJTIyJTIwd2lkdGglM0QlMjI4MDAlMjIlMjBoZWlnaHQlM0QlMjI2MDAlMjIlMjBmcmFtZWJvcmRlciUzRCUyMjAlMjIlMjBzdHlsZSUzRCUyMmJvcmRlciUzQTAlM0IlMjIlMjBhbGxvd2Z1bGxzY3JlZW4lM0QlMjIlMjIlMjBhcmlhLWhpZGRlbiUzRCUyMmZhbHNlJTIyJTIwdGFiaW5kZXglM0QlMjIwJTIyJTNFJTNDJTJGaWZyYW1lJTNF&#8221; css=&#8221;.vc_custom_1639477281700{margin-bottom: 0px !important;}&#8221;]<\/div><\/div>[\/vc_column][\/vc_row][\/vc_section][vc_row pix_particles_check=&#8221;&#8221;][vc_column width=&#8221;1\/2&#8243;]<div class=\"pix-content-box card      vc_custom_1639479115227    rounded-lg shadow-sm bg- w-100  \"   ><div class=\"\" style=\"z-index:30;position:relative;\"><div id=\"1639479014853-959d3120-606b\" class=\"media \"><div class=\"mr-3 feature_img \"   style=\"position:relative;text-align:center;\"><i style=\"display:inline-block;font-size:30px;min-width:30px;line-height:30px;\" class=\"text-primary align-middle pixicon-map-pinned-2\"><\/i><\/div><div class=\"media-body\"><h5 class=\"   text-heading-default  \" style=\"padding-top:20px;\"  >Dane adresowe<\/h5><div class=\"text-body-default      \" style=\"padding-top:20px;\"  ><\/p>\n<h6>Zak\u0142ad Gospodarki Komunalnej<br \/>\ni Mieszkaniowej Sp. z o.o.<br \/>\nw Kadzidle<\/h6>\n<p>ul. Targowa 4<br \/>\n07-420 Kadzid\u0142o<br \/>\n<a href=\"http:\/\/www.kadzidlo.pl\">www.kadzidlo.pl<\/a><br \/>\ne-mail: <a href=\"mailto:zgkim@kadzidlo.pl\">zgkim@kadzidlo.pl<\/a><\/p>\n<h6>Sekretariat<\/h6>\n<p>tel.: <b>29 761 89 38<\/b><br \/>\nWODA <b>608 363 388<\/b><br \/>\nODPADY <b>506 563 358<\/b><\/p>\n<p>Zg\u0142aszanie awarii na sieci wodoci\u0105gowej &#8211; <b>692 498 118<\/b><br \/>\nZg\u0142aszanie awarii na sieci kanalizacyjnej &#8211; <b>692 498 134<\/b><\/div><\/div><\/div><\/div><\/div><div class=\"pix-content-box card      vc_custom_1713782972364    rounded-lg shadow-sm bg- w-100  \"   ><div class=\"\" style=\"z-index:30;position:relative;\"><div id=\"1713782958148-4789df4d-c929\" class=\"media \"><div class=\"mr-3 feature_img \"   style=\"position:relative;text-align:center;\"><i style=\"display:inline-block;font-size:30px;min-width:30px;line-height:30px;\" class=\"text-primary align-middle pixicon-map-pinned-2\"><\/i><\/div><div class=\"media-body\"><h5 class=\"font-weight-bold   text-heading-default  \" style=\"padding-top:20px;\"  >PSZOK<\/h5><div class=\"text-body-default      \" style=\"padding-top:20px;\"  >ul. Kurpiowska 52<br \/>\n07-420 Kadzid\u0142o<\/p>\n<p>tel.: <b>881 056 679<\/b><\/div><\/div><\/div><\/div><\/div>[\/vc_column][vc_column width=&#8221;1\/2&#8243;]<div class=\"pix-content-box card      vc_custom_1639478981568    rounded-lg shadow-sm bg- w-100  \"   ><div class=\"\" style=\"z-index:30;position:relative;\"><div id=\"1639478628679-a92d0fd0-0f5c\" class=\"media \"><div class=\"mr-3 feature_img \"   style=\"position:relative;text-align:center;\"><i style=\"display:inline-block;font-size:30px;min-width:30px;line-height:30px;\" class=\"text-primary align-middle pixicon-browser-list\"><\/i><\/div><div class=\"media-body\"><h5 class=\"   text-heading-default  \" style=\"padding-top:20px;\"  >Pozosta\u0142e dane<\/h5><div class=\"text-body-default      \" style=\"padding-top:20px;\"  ><\/p>\n<h6>Punkt Obs\u0142ugi Klienta:<\/h6>\n<p>ul. Ko\u015bciuszki 15<br \/>\n07-420 Kadzid\u0142o<\/p>\n<p>tel.: <b>29 761 89 38<\/b><br \/>\nWODA <b>608 363 388<\/b><br \/>\nODPADY <b>506 563 358<\/b><\/p>\n<p><b>czynny pn &#8211; pt<\/b> 8.00 do 16.00.<\/p>\n<p><b>NIP:<\/b> 758-100-28-71<br \/>\n<b>Regon:<\/b> 551256649<br \/>\n<b>KRS:<\/b> 0000115056<br \/>\nS\u0104D REJONOWY W BIA\u0141YMSTOKU XII WYDZIA\u0141 GOSPODARCZY KRAJOWEGO REJESTRU S\u0104DOWEGO<br \/>\n<b>Kapita\u0142 zak\u0142adowy<\/b>: 423 500 z\u0142<\/p>\n<h6>Numery rachunku bankowego:<\/h6>\n<p>PKO BP SA<br \/>\n04 1020 1592 0000 2102 0256 5992<\/p>\n<p><span style=\"font-size: 0.8em; line-height: 0.5em\">Dla zapewnienia bezpo\u015bredniej i szybkiej identyfikacji dokonywanych wp\u0142at nale\u017cno\u015bci za faktury sprzeda\u017cy wody, odbioru \u015bciek\u00f3w i pozosta\u0142ych us\u0142ug, ka\u017cdy klient sp\u00f3\u0142ki posiada <b style=\"font-weight: bold\">indywidualny rachunek bankowy<\/b>, kt\u00f3ry znajduje si\u0119 na fakturze za \u015bwiadczone us\u0142ugi. Informujemy, \u017ce wp\u0142aty dokonywane na inny rachunek bankowy ni\u017c wskazany na fakturze, mog\u0105 nie zosta\u0107 zidentyfikowane i zaksi\u0119gowane na koncie Odbiorcy, skutkiem czego faktury  nie zostan\u0105 rozliczone w\u0142a\u015bciwie.<\/span><\/div><\/div><\/div><\/div><\/div>[\/vc_column][\/vc_row]<\/p>\n","protected":false},"excerpt":{"rendered":"[vc_section full_width=&#8221;stretch_row&#8221; pix_over_visibility=&#8221;&#8221; bottom_divider_select=&#8221;8&#8243; b_has_animation=&#8221;true&#8221; b_2_color=&#8221;rgba(255,255,255,0.01)&#8221; b_3_is_gradient=&#8221;true&#8221; b_3_color=&#8221;rgba(0,0,0,0.08)&#8221; b_3_color_2=&#8221;rgba(255,255,255,0.01)&#8221; b_3_animation=&#8221;fade-in-up&#8221; top_divider_select=&#8221;8&#8243; t_has_animation=&#8221;true&#8221; t_1_color=&#8221;rgba(152,214,98,0.01)&#8221; t_2_color=&#8221;&#8221; t_3_color=&#8221;rgba(255,255,255,0.1)&#8221; t_3_animation=&#8221;fade-in-down&#8221; t_flip_h=&#8221;true&#8221; pix_overlay_color=&#8221;gray-1&#8243; responsive_css=&#8221;{&#8222;pix_res_sm_pt&#8222;:&#8222;20&#8222;,&#8222;pix_res_sm_pb&#8222;:&#8222;20&#8222;,&#8222;pix_res_md_pt&#8222;:&#8222;40&#8222;,&#8222;pix_res_md_pb&#8222;:&#8222;40&#8222;}&#8221; css=&#8221;.vc_custom_1613618080432{padding-top: 40px !important;padding-bottom: 40px !important;}&#8221; t_custom_height=&#8221;200px&#8221; b_custom_height=&#8221;300px&#8221; pix_overlay_opacity=&#8221;1&#8243; b_3_delay=&#8221;300&#8243; t_3_delay=&#8221;150&#8243;][vc_row full_width=&#8221;stretch_row&#8221; content_placement=&#8221;middle&#8221; pix_particles_check=&#8221;&#8221; responsive_css=&#8221;{&#8222;pix_res_sm_pt&#8222;:&#8222;40&#8222;,&#8222;pix_res_sm_pb&#8222;:&#8222;40&#8222;,&#8222;pix_res_md_pt&#8222;:&#8222;40&#8222;,&#8222;pix_res_md_pb&#8222;:&#8222;40&#8222;}&#8221; css=&#8221;.vc_custom_1613618221329{padding-bottom: 40px !important;}&#8221;][vc_column width=&#8221;2\/3&#8243; css=&#8221;.vc_custom_1613618065669{padding-top: 40px !important;padding-bottom:&#8230;","protected":false},"author":1,"featured_media":0,"parent":0,"menu_order":0,"comment_status":"closed","ping_status":"closed","template":"","meta":{"footnotes":""},"class_list":["post-612","page","type-page","status-publish","hentry"],"_links":{"self":[{"href":"http:\/\/zgkim.kadzidlo.pl\/index.php\/wp-json\/wp\/v2\/pages\/612","targetHints":{"allow":["GET"]}}],"collection":[{"href":"http:\/\/zgkim.kadzidlo.pl\/index.php\/wp-json\/wp\/v2\/pages"}],"about":[{"href":"http:\/\/zgkim.kadzidlo.pl\/index.php\/wp-json\/wp\/v2\/types\/page"}],"author":[{"embeddable":true,"href":"http:\/\/zgkim.kadzidlo.pl\/index.php\/wp-json\/wp\/v2\/users\/1"}],"replies":[{"embeddable":true,"href":"http:\/\/zgkim.kadzidlo.pl\/index.php\/wp-json\/wp\/v2\/comments?post=612"}],"version-history":[{"count":28,"href":"http:\/\/zgkim.kadzidlo.pl\/index.php\/wp-json\/wp\/v2\/pages\/612\/revisions"}],"predecessor-version":[{"id":4106,"href":"http:\/\/zgkim.kadzidlo.pl\/index.php\/wp-json\/wp\/v2\/pages\/612\/revisions\/4106"}],"wp:attachment":[{"href":"http:\/\/zgkim.kadzidlo.pl\/index.php\/wp-json\/wp\/v2\/media?parent=612"}],"curies":[{"name":"wp","href":"https:\/\/api.w.org\/{rel}","templated":true}]}}