{"id":614,"date":"2021-02-17T00:59:59","date_gmt":"2021-02-17T00:59:59","guid":{"rendered":"https:\/\/megapack.pixfort.com\/company\/?page_id=614"},"modified":"2022-04-27T13:31:15","modified_gmt":"2022-04-27T11:31:15","slug":"taryfy","status":"publish","type":"page","link":"http:\/\/zgkim.kadzidlo.pl\/index.php\/taryfy\/","title":{"rendered":"Taryfy"},"content":{"rendered":"<p>[vc_section full_width=&#8221;stretch_row&#8221; pix_over_visibility=&#8221;&#8221; bottom_divider_select=&#8221;8&#8243; b_has_animation=&#8221;true&#8221; b_2_color=&#8221;rgba(255,255,255,0.01)&#8221; b_3_is_gradient=&#8221;true&#8221; b_3_color=&#8221;rgba(0,0,0,0.08)&#8221; b_3_color_2=&#8221;rgba(255,255,255,0.01)&#8221; b_3_animation=&#8221;fade-in-up&#8221; t_flip_h=&#8221;true&#8221; pix_overlay_color=&#8221;gray-1&#8243; responsive_css=&#8221;{&#8222;pix_res_sm_pt&#8222;:&#8222;20&#8222;,&#8222;pix_res_sm_pb&#8222;:&#8222;20&#8222;,&#8222;pix_res_md_pt&#8222;:&#8222;40&#8222;,&#8222;pix_res_md_pb&#8222;:&#8222;40&#8222;}&#8221; css=&#8221;.vc_custom_1613527895798{padding-top: 60px !important;padding-bottom: 60px !important;}&#8221; t_custom_height=&#8221;200px&#8221; b_custom_height=&#8221;300px&#8221; pix_overlay_opacity=&#8221;1&#8243; b_3_delay=&#8221;300&#8243;][vc_row full_width=&#8221;stretch_row&#8221; content_placement=&#8221;middle&#8221; pix_particles_check=&#8221;&#8221; responsive_css=&#8221;{&#8222;pix_res_sm_pt&#8222;:&#8222;40&#8222;,&#8222;pix_res_sm_pb&#8222;:&#8222;40&#8222;,&#8222;pix_res_md_pt&#8222;:&#8222;40&#8222;,&#8222;pix_res_md_pb&#8222;:&#8222;40&#8222;}&#8221;][vc_column content_align=&#8221;text-center&#8221; css=&#8221;.vc_custom_1639487266265{padding-top: 20px !important;padding-bottom: 20px !important;}&#8221; offset=&#8221;vc_col-lg-offset-2 vc_col-lg-8 vc_col-md-offset-2 vc_col-md-8&#8243;]<div id=\"highlighted-text-21703680\" class=\"text-center  vc_custom_1639487128330\"><h3 class=\"text-heading-default\"  data-anim-type=\"\" data-anim-delay=\"0\"><span class=\"font-weight-normal  heading-font\">Taryfa dla zaopatrzenia w wod\u0119 i odprowadzania \u015bciek\u00f3w na terenie Gminy Kadzid\u0142o<\/span><\/h3><\/div>[\/vc_column][\/vc_row][\/vc_section][vc_section full_width=&#8221;stretch_row&#8221; pix_over_visibility=&#8221;&#8221; responsive_css=&#8221;{&#8222;pix_res_sm_pb&#8222;:&#8222;20&#8222;,&#8222;pix_res_md_pb&#8222;:&#8222;20&#8222;}&#8221; css=&#8221;.vc_custom_1613530910681{padding-top: 40px !important;padding-bottom: 40px !important;background-color: #ffffff !important;border-radius: 10px !important;}&#8221;][vc_row pix_particles_check=&#8221;&#8221; responsive_css=&#8221;{&#8222;pix_res_sm_pb&#8222;:&#8222;40&#8222;,&#8222;pix_res_md_pb&#8222;:&#8222;40&#8222;}&#8221;][vc_column]<div  class=\"pix-heading-el text-left  vc_custom_1639487442070\"><div><div class=\"slide-in-container\"><h3 class=\"text-heading-default font-weight-bold heading-text el-title_custom_color mb-12\" style=\"\" data-anim-type=\"\" data-anim-delay=\"0\">Pliki do pobrania<\/h3><\/div><\/div><\/div><div class=\"container\"><div class=\"row justify-content-center\"><div class=\"col bg-white2 rounded-lg2  vc_custom_1651059071957 w-100 m-32 p-42 pix-py-30 col-sm-auto d-md-flex align-items-center text-center text-sm-left justify-content-between2\" style=\"z-index:11;\" ><div class=\"mr-md-5\"><h5 class=\"d-block mr-md-3 mb-md-0 mb-md-0 font-weight-bold text-heading-default font-weight-bold text-heading-default\" style=\"\">Taryfy dla zaopatrzenia w wod\u0119 i odprowadzania \u015bciek\u00f3w na terenie Gminy Kadzid\u0142o<\/h5><\/div><div class=\"flex-fill mt-4 mt-sm-0 mt-md-0 text-md-right flex-grow-1\" style=\"min-width:250px;max-width:100%;\"><a  href=\"http:\/\/zgkimkadzidlo.nbip.pl\/zgkimkadzidlo\/?id=123\" class=\"btn mb-0     btn-primary d-inline-block      btn-md\"     ><span class=\"font-weight-bold \" >przejd\u017a na BIP<\/span><\/a><\/div><\/div><\/div><\/div>[\/vc_column][\/vc_row][\/vc_section]<\/p>\n","protected":false},"excerpt":{"rendered":"[vc_section full_width=&#8221;stretch_row&#8221; pix_over_visibility=&#8221;&#8221; bottom_divider_select=&#8221;8&#8243; b_has_animation=&#8221;true&#8221; b_2_color=&#8221;rgba(255,255,255,0.01)&#8221; b_3_is_gradient=&#8221;true&#8221; b_3_color=&#8221;rgba(0,0,0,0.08)&#8221; b_3_color_2=&#8221;rgba(255,255,255,0.01)&#8221; b_3_animation=&#8221;fade-in-up&#8221; t_flip_h=&#8221;true&#8221; pix_overlay_color=&#8221;gray-1&#8243; responsive_css=&#8221;{&#8222;pix_res_sm_pt&#8222;:&#8222;20&#8222;,&#8222;pix_res_sm_pb&#8222;:&#8222;20&#8222;,&#8222;pix_res_md_pt&#8222;:&#8222;40&#8222;,&#8222;pix_res_md_pb&#8222;:&#8222;40&#8222;}&#8221; css=&#8221;.vc_custom_1613527895798{padding-top: 60px !important;padding-bottom: 60px !important;}&#8221; t_custom_height=&#8221;200px&#8221; b_custom_height=&#8221;300px&#8221; pix_overlay_opacity=&#8221;1&#8243; b_3_delay=&#8221;300&#8243;][vc_row full_width=&#8221;stretch_row&#8221; content_placement=&#8221;middle&#8221; pix_particles_check=&#8221;&#8221; responsive_css=&#8221;{&#8222;pix_res_sm_pt&#8222;:&#8222;40&#8222;,&#8222;pix_res_sm_pb&#8222;:&#8222;40&#8222;,&#8222;pix_res_md_pt&#8222;:&#8222;40&#8222;,&#8222;pix_res_md_pb&#8222;:&#8222;40&#8222;}&#8221;][vc_column content_align=&#8221;text-center&#8221; css=&#8221;.vc_custom_1639487266265{padding-top: 20px !important;padding-bottom: 20px !important;}&#8221; offset=&#8221;vc_col-lg-offset-2 vc_col-lg-8 vc_col-md-offset-2 vc_col-md-8&#8243;][\/vc_column][\/vc_row][\/vc_section][vc_section full_width=&#8221;stretch_row&#8221; pix_over_visibility=&#8221;&#8221; responsive_css=&#8221;{&#8222;pix_res_sm_pb&#8222;:&#8222;20&#8222;,&#8222;pix_res_md_pb&#8222;:&#8222;20&#8222;}&#8221; css=&#8221;.vc_custom_1613530910681{padding-top:&#8230;","protected":false},"author":1,"featured_media":0,"parent":0,"menu_order":0,"comment_status":"closed","ping_status":"closed","template":"","meta":{"footnotes":""},"class_list":["post-614","page","type-page","status-publish","hentry"],"_links":{"self":[{"href":"http:\/\/zgkim.kadzidlo.pl\/index.php\/wp-json\/wp\/v2\/pages\/614","targetHints":{"allow":["GET"]}}],"collection":[{"href":"http:\/\/zgkim.kadzidlo.pl\/index.php\/wp-json\/wp\/v2\/pages"}],"about":[{"href":"http:\/\/zgkim.kadzidlo.pl\/index.php\/wp-json\/wp\/v2\/types\/page"}],"author":[{"embeddable":true,"href":"http:\/\/zgkim.kadzidlo.pl\/index.php\/wp-json\/wp\/v2\/users\/1"}],"replies":[{"embeddable":true,"href":"http:\/\/zgkim.kadzidlo.pl\/index.php\/wp-json\/wp\/v2\/comments?post=614"}],"version-history":[{"count":5,"href":"http:\/\/zgkim.kadzidlo.pl\/index.php\/wp-json\/wp\/v2\/pages\/614\/revisions"}],"predecessor-version":[{"id":3745,"href":"http:\/\/zgkim.kadzidlo.pl\/index.php\/wp-json\/wp\/v2\/pages\/614\/revisions\/3745"}],"wp:attachment":[{"href":"http:\/\/zgkim.kadzidlo.pl\/index.php\/wp-json\/wp\/v2\/media?parent=614"}],"curies":[{"name":"wp","href":"https:\/\/api.w.org\/{rel}","templated":true}]}}